{"id":1165,"date":"2020-03-10T23:25:44","date_gmt":"2020-03-10T22:25:44","guid":{"rendered":"http:\/\/mains-holistiques.com\/?page_id=1165"},"modified":"2020-03-22T16:19:36","modified_gmt":"2020-03-22T15:19:36","slug":"seance-de-reiki-soin-rapide","status":"publish","type":"page","link":"https:\/\/mains-holistiques.com\/index.php\/seance-de-reiki-soin-rapide\/","title":{"rendered":"S\u00e9ance de Reiki \u2013 Soin rapide"},"content":{"rendered":"\n<p><\/p>\n\n\n\n<p class=\"has-normal-font-size\">Ce soin rapide va traiter un apport d&rsquo;\u00e9nergie directement au niveau des 7 chakras principaux.  <\/p>\n\n\n\n<p class=\"has-normal-font-size\"> <strong>Dur\u00e9e 30 minutes   &#8211;   Prix 30\u20ac<\/strong> <\/p>\n\n\n\n<div class=\"wp-block-image is-style-circle-mask\"><figure class=\"aligncenter size-large is-resized\"><img loading=\"lazy\" decoding=\"async\" src=\"http:\/\/mains-holistiques.com\/wp-content\/uploads\/2020\/02\/symbol-1537054__340.jpg\" alt=\"\" class=\"wp-image-990\" width=\"61\" height=\"61\" srcset=\"https:\/\/mains-holistiques.com\/wp-content\/uploads\/2020\/02\/symbol-1537054__340.jpg 340w, https:\/\/mains-holistiques.com\/wp-content\/uploads\/2020\/02\/symbol-1537054__340-300x300.jpg 300w, https:\/\/mains-holistiques.com\/wp-content\/uploads\/2020\/02\/symbol-1537054__340-150x150.jpg 150w\" sizes=\"auto, (max-width: 61px) 100vw, 61px\" \/><\/figure><\/div>\n\n\n\n<p><a href=\"https:\/\/www.artistedelajoie.com\/s\/cc_images\/teaserbox_17603885.png?t=1510322719\">\n        \n    <\/a><\/p>\n\n\n\n<p style=\"font-size:17px\" class=\"has-text-color has-text-align-center has-luminous-vivid-orange-color\"><strong>Pour les s\u00e9ances \u00e0 distance, il est pr\u00e9f\u00e9rable de se rendre disponible pendant la dur\u00e9e du soin afin d&rsquo;en optimiser le b\u00e9n\u00e9fice.<\/strong> <\/p>\n\n\n\n<div class=\"wp-block-image is-style-circle-mask\"><figure class=\"aligncenter size-large is-resized\"><img loading=\"lazy\" decoding=\"async\" src=\"http:\/\/mains-holistiques.com\/wp-content\/uploads\/2020\/02\/symbol-1537054__340.jpg\" alt=\"\" class=\"wp-image-990\" width=\"61\" height=\"61\" srcset=\"https:\/\/mains-holistiques.com\/wp-content\/uploads\/2020\/02\/symbol-1537054__340.jpg 340w, https:\/\/mains-holistiques.com\/wp-content\/uploads\/2020\/02\/symbol-1537054__340-300x300.jpg 300w, https:\/\/mains-holistiques.com\/wp-content\/uploads\/2020\/02\/symbol-1537054__340-150x150.jpg 150w\" sizes=\"auto, (max-width: 61px) 100vw, 61px\" \/><\/figure><\/div>\n\n\n\n<p style=\"font-size:17px\" class=\"has-text-align-center\"> <strong>Pour toute prise de rendez-vous, veuillez me contacter par t\u00e9l\u00e9phone ou par mail  <\/strong>  <\/p>\n\n\n\n<p style=\"font-size:17px\" class=\"has-text-color has-text-align-center has-luminous-vivid-orange-color\"><strong>Ce rendez-vous devra \u00eatre confirm\u00e9 48h minimum avant la s\u00e9ance par r\u00e8glement PayPal <\/strong>  <\/p>\n\n\n\n<p class=\"has-text-align-center has-normal-font-size\"> <strong><em>Mes coordonn\u00e9es PayPal vous seront transmises lors de la prise de rendez-vous<\/em><\/strong>   <\/p>\n\n\n\n<p style=\"font-size:17px\" class=\"has-text-color has-text-align-center has-luminous-vivid-orange-color\"> <strong>Toute s\u00e9ance non r\u00e9gl\u00e9e 48H avant le rendez-vous sera automatiquement annul\u00e9e<\/strong> <\/p>\n","protected":false},"excerpt":{"rendered":"<p>Ce soin rapide va traiter un apport d&rsquo;\u00e9nergie directement au niveau des 7 chakras principaux. Dur\u00e9e 30 minutes &#8211; Prix 30\u20ac Pour les s\u00e9ances \u00e0 distance, il est pr\u00e9f\u00e9rable de se rendre disponible pendant la dur\u00e9e du soin afin d&rsquo;en optimiser le b\u00e9n\u00e9fice. Pour toute prise de rendez-vous, veuillez me contacter par t\u00e9l\u00e9phone ou par [&hellip;]<\/p>\n","protected":false},"author":1,"featured_media":0,"parent":0,"menu_order":0,"comment_status":"closed","ping_status":"closed","template":"","meta":{"footnotes":""},"class_list":["post-1165","page","type-page","status-publish","hentry"],"_links":{"self":[{"href":"https:\/\/mains-holistiques.com\/index.php\/wp-json\/wp\/v2\/pages\/1165","targetHints":{"allow":["GET"]}}],"collection":[{"href":"https:\/\/mains-holistiques.com\/index.php\/wp-json\/wp\/v2\/pages"}],"about":[{"href":"https:\/\/mains-holistiques.com\/index.php\/wp-json\/wp\/v2\/types\/page"}],"author":[{"embeddable":true,"href":"https:\/\/mains-holistiques.com\/index.php\/wp-json\/wp\/v2\/users\/1"}],"replies":[{"embeddable":true,"href":"https:\/\/mains-holistiques.com\/index.php\/wp-json\/wp\/v2\/comments?post=1165"}],"version-history":[{"count":8,"href":"https:\/\/mains-holistiques.com\/index.php\/wp-json\/wp\/v2\/pages\/1165\/revisions"}],"predecessor-version":[{"id":1222,"href":"https:\/\/mains-holistiques.com\/index.php\/wp-json\/wp\/v2\/pages\/1165\/revisions\/1222"}],"wp:attachment":[{"href":"https:\/\/mains-holistiques.com\/index.php\/wp-json\/wp\/v2\/media?parent=1165"}],"curies":[{"name":"wp","href":"https:\/\/api.w.org\/{rel}","templated":true}]}}