{"id":1172,"date":"2020-03-10T23:33:03","date_gmt":"2020-03-10T22:33:03","guid":{"rendered":"http:\/\/mains-holistiques.com\/?page_id=1172"},"modified":"2020-03-22T16:20:52","modified_gmt":"2020-03-22T15:20:52","slug":"seance-de-reiki-harmonisation-des-chakras","status":"publish","type":"page","link":"https:\/\/mains-holistiques.com\/index.php\/seance-de-reiki-harmonisation-des-chakras\/","title":{"rendered":"S\u00e9ance de Reiki &#8211; Harmonisation des Chakras"},"content":{"rendered":"\n<p class=\"has-normal-font-size\">Ce soin d&rsquo;harmonisation permet un \u00e9quilibrage des 7 chakras principaux entre eux.  <\/p>\n\n\n\n<p class=\"has-normal-font-size\"> <strong>Dur\u00e9e 20 minutes   &#8211;   Prix 20\u20ac<\/strong> <\/p>\n\n\n\n<div class=\"wp-block-image is-style-circle-mask\"><figure class=\"aligncenter size-large is-resized\"><img loading=\"lazy\" decoding=\"async\" src=\"http:\/\/mains-holistiques.com\/wp-content\/uploads\/2020\/02\/symbol-1537054__340.jpg\" alt=\"\" class=\"wp-image-990\" width=\"58\" height=\"58\" srcset=\"https:\/\/mains-holistiques.com\/wp-content\/uploads\/2020\/02\/symbol-1537054__340.jpg 340w, https:\/\/mains-holistiques.com\/wp-content\/uploads\/2020\/02\/symbol-1537054__340-300x300.jpg 300w, https:\/\/mains-holistiques.com\/wp-content\/uploads\/2020\/02\/symbol-1537054__340-150x150.jpg 150w\" sizes=\"auto, (max-width: 58px) 100vw, 58px\" \/><\/figure><\/div>\n\n\n\n<p> <\/p>\n\n\n\n<p style=\"font-size:17px\" class=\"has-text-color has-text-align-center has-luminous-vivid-orange-color\"><strong>Pour les s\u00e9ances \u00e0 distance, il est pr\u00e9f\u00e9rable de se rendre disponible pendant la dur\u00e9e du soin afin d&rsquo;en optimiser le b\u00e9n\u00e9fice.<\/strong> <\/p>\n\n\n\n<div class=\"wp-block-image\"><figure class=\"aligncenter size-large is-resized\"><img loading=\"lazy\" decoding=\"async\" src=\"http:\/\/mains-holistiques.com\/wp-content\/uploads\/2020\/02\/symbol-1537054__340.jpg\" alt=\"\" class=\"wp-image-990\" width=\"61\" height=\"61\" srcset=\"https:\/\/mains-holistiques.com\/wp-content\/uploads\/2020\/02\/symbol-1537054__340.jpg 340w, https:\/\/mains-holistiques.com\/wp-content\/uploads\/2020\/02\/symbol-1537054__340-300x300.jpg 300w, https:\/\/mains-holistiques.com\/wp-content\/uploads\/2020\/02\/symbol-1537054__340-150x150.jpg 150w\" sizes=\"auto, (max-width: 61px) 100vw, 61px\" \/><\/figure><\/div>\n\n\n\n<p style=\"font-size:17px\" class=\"has-text-align-center\"><strong>Pour toute prise de rendez-vous, veuillez me contacter par t\u00e9l\u00e9phone ou par mail  <\/strong>   <\/p>\n\n\n\n<p style=\"font-size:17px\" class=\"has-text-color has-text-align-center has-luminous-vivid-orange-color\"><strong>Ce rendez-vous devra \u00eatre confirm\u00e9 48h minimum avant la s\u00e9ance par r\u00e8glement PayPal <\/strong>  <\/p>\n\n\n\n<p class=\"has-text-align-center has-normal-font-size\"><em><strong>Ce rendez-vous devra \u00eatre confirm\u00e9 48h minimum avant la s\u00e9ance par r\u00e8glement PayPal <\/strong>  <\/em><\/p>\n\n\n\n<p style=\"font-size:17px\" class=\"has-text-color has-text-align-center has-luminous-vivid-orange-color\"><strong>Toute s\u00e9ance non r\u00e9gl\u00e9e 48H avant le rendez-vous sera automatiquement annul\u00e9e<\/strong> <\/p>\n","protected":false},"excerpt":{"rendered":"<p>Ce soin d&rsquo;harmonisation permet un \u00e9quilibrage des 7 chakras principaux entre eux. Dur\u00e9e 20 minutes &#8211; Prix 20\u20ac Pour les s\u00e9ances \u00e0 distance, il est pr\u00e9f\u00e9rable de se rendre disponible pendant la dur\u00e9e du soin afin d&rsquo;en optimiser le b\u00e9n\u00e9fice. Pour toute prise de rendez-vous, veuillez me contacter par t\u00e9l\u00e9phone ou par mail Ce rendez-vous [&hellip;]<\/p>\n","protected":false},"author":1,"featured_media":0,"parent":0,"menu_order":0,"comment_status":"closed","ping_status":"closed","template":"","meta":{"footnotes":""},"class_list":["post-1172","page","type-page","status-publish","hentry"],"_links":{"self":[{"href":"https:\/\/mains-holistiques.com\/index.php\/wp-json\/wp\/v2\/pages\/1172","targetHints":{"allow":["GET"]}}],"collection":[{"href":"https:\/\/mains-holistiques.com\/index.php\/wp-json\/wp\/v2\/pages"}],"about":[{"href":"https:\/\/mains-holistiques.com\/index.php\/wp-json\/wp\/v2\/types\/page"}],"author":[{"embeddable":true,"href":"https:\/\/mains-holistiques.com\/index.php\/wp-json\/wp\/v2\/users\/1"}],"replies":[{"embeddable":true,"href":"https:\/\/mains-holistiques.com\/index.php\/wp-json\/wp\/v2\/comments?post=1172"}],"version-history":[{"count":5,"href":"https:\/\/mains-holistiques.com\/index.php\/wp-json\/wp\/v2\/pages\/1172\/revisions"}],"predecessor-version":[{"id":1224,"href":"https:\/\/mains-holistiques.com\/index.php\/wp-json\/wp\/v2\/pages\/1172\/revisions\/1224"}],"wp:attachment":[{"href":"https:\/\/mains-holistiques.com\/index.php\/wp-json\/wp\/v2\/media?parent=1172"}],"curies":[{"name":"wp","href":"https:\/\/api.w.org\/{rel}","templated":true}]}}