{"id":1175,"date":"2020-03-10T23:34:29","date_gmt":"2020-03-10T22:34:29","guid":{"rendered":"http:\/\/mains-holistiques.com\/?page_id=1175"},"modified":"2020-06-14T21:08:13","modified_gmt":"2020-06-14T19:08:13","slug":"seance-de-reiki-sur-4-jours","status":"publish","type":"page","link":"https:\/\/mains-holistiques.com\/index.php\/seance-de-reiki-sur-4-jours\/","title":{"rendered":"S\u00e9ance de Reiki &#8211; Sur 3 jours"},"content":{"rendered":"\n<p class=\"has-normal-font-size\">Ce soin sur 3 jours peut \u00eatre aussi bien pour vous m\u00eame (Stress, fatigue&#8230;.) que pour travailler sur une situation (probl\u00e8me de voisinage, au bureau&#8230;.). <\/p>\n\n\n\n<p class=\"has-normal-font-size\"><strong>Dur\u00e9e variable   &#8211;   Prix 30\u20ac<\/strong>  <\/p>\n\n\n\n<div class=\"wp-block-image is-style-circle-mask\"><figure class=\"aligncenter size-large is-resized\"><img loading=\"lazy\" decoding=\"async\" src=\"http:\/\/mains-holistiques.com\/wp-content\/uploads\/2020\/02\/symbol-1537054__340.jpg\" alt=\"\" class=\"wp-image-990\" width=\"61\" height=\"61\" srcset=\"https:\/\/mains-holistiques.com\/wp-content\/uploads\/2020\/02\/symbol-1537054__340.jpg 340w, https:\/\/mains-holistiques.com\/wp-content\/uploads\/2020\/02\/symbol-1537054__340-300x300.jpg 300w, https:\/\/mains-holistiques.com\/wp-content\/uploads\/2020\/02\/symbol-1537054__340-150x150.jpg 150w\" sizes=\"auto, (max-width: 61px) 100vw, 61px\" \/><\/figure><\/div>\n\n\n\n<p><\/p>\n\n\n\n<p style=\"font-size:17px\" class=\"has-text-color has-text-align-center has-luminous-vivid-orange-color\"><strong>Pour les s\u00e9ances \u00e0 distance, il est pr\u00e9f\u00e9rable de se rendre disponible pendant la dur\u00e9e du soin afin d&rsquo;en optimiser le b\u00e9n\u00e9fice.<\/strong> <\/p>\n\n\n\n<div class=\"wp-block-image is-style-circle-mask\"><figure class=\"aligncenter size-large is-resized\"><img loading=\"lazy\" decoding=\"async\" src=\"http:\/\/mains-holistiques.com\/wp-content\/uploads\/2020\/02\/symbol-1537054__340.jpg\" alt=\"\" class=\"wp-image-990\" width=\"61\" height=\"61\" srcset=\"https:\/\/mains-holistiques.com\/wp-content\/uploads\/2020\/02\/symbol-1537054__340.jpg 340w, https:\/\/mains-holistiques.com\/wp-content\/uploads\/2020\/02\/symbol-1537054__340-300x300.jpg 300w, https:\/\/mains-holistiques.com\/wp-content\/uploads\/2020\/02\/symbol-1537054__340-150x150.jpg 150w\" sizes=\"auto, (max-width: 61px) 100vw, 61px\" \/><\/figure><\/div>\n\n\n\n<p style=\"font-size:17px\" class=\"has-text-align-center\"><strong>Pour toute prise de rendez-vous, veuillez me contacter par t\u00e9l\u00e9phone ou par mail <\/strong> <\/p>\n\n\n\n<p style=\"font-size:17px\" class=\"has-text-color has-text-align-center has-luminous-vivid-orange-color\"><strong>Ce rendez-vous devra \u00eatre confirm\u00e9 48h minimum avant la s\u00e9ance par r\u00e8glement PayPal <\/strong> <\/p>\n\n\n\n<p class=\"has-text-align-center has-normal-font-size\"><em><strong>Ce rendez-vous devra \u00eatre confirm\u00e9 48h minimum avant la s\u00e9ance par r\u00e8glement PayPal<\/strong><\/em> <\/p>\n\n\n\n<p style=\"font-size:17px\" class=\"has-text-color has-text-align-center has-luminous-vivid-orange-color\"><strong>Toute s\u00e9ance non r\u00e9gl\u00e9e 48H avant le rendez-vous sera automatiquement annul\u00e9e<\/strong>  <\/p>\n","protected":false},"excerpt":{"rendered":"<p>Ce soin sur 3 jours peut \u00eatre aussi bien pour vous m\u00eame (Stress, fatigue&#8230;.) que pour travailler sur une situation (probl\u00e8me de voisinage, au bureau&#8230;.). Dur\u00e9e variable &#8211; Prix 30\u20ac Pour les s\u00e9ances \u00e0 distance, il est pr\u00e9f\u00e9rable de se rendre disponible pendant la dur\u00e9e du soin afin d&rsquo;en optimiser le b\u00e9n\u00e9fice. Pour toute prise [&hellip;]<\/p>\n","protected":false},"author":1,"featured_media":0,"parent":0,"menu_order":0,"comment_status":"closed","ping_status":"closed","template":"","meta":{"footnotes":""},"class_list":["post-1175","page","type-page","status-publish","hentry"],"_links":{"self":[{"href":"https:\/\/mains-holistiques.com\/index.php\/wp-json\/wp\/v2\/pages\/1175","targetHints":{"allow":["GET"]}}],"collection":[{"href":"https:\/\/mains-holistiques.com\/index.php\/wp-json\/wp\/v2\/pages"}],"about":[{"href":"https:\/\/mains-holistiques.com\/index.php\/wp-json\/wp\/v2\/types\/page"}],"author":[{"embeddable":true,"href":"https:\/\/mains-holistiques.com\/index.php\/wp-json\/wp\/v2\/users\/1"}],"replies":[{"embeddable":true,"href":"https:\/\/mains-holistiques.com\/index.php\/wp-json\/wp\/v2\/comments?post=1175"}],"version-history":[{"count":7,"href":"https:\/\/mains-holistiques.com\/index.php\/wp-json\/wp\/v2\/pages\/1175\/revisions"}],"predecessor-version":[{"id":1234,"href":"https:\/\/mains-holistiques.com\/index.php\/wp-json\/wp\/v2\/pages\/1175\/revisions\/1234"}],"wp:attachment":[{"href":"https:\/\/mains-holistiques.com\/index.php\/wp-json\/wp\/v2\/media?parent=1175"}],"curies":[{"name":"wp","href":"https:\/\/api.w.org\/{rel}","templated":true}]}}