{"id":1314,"date":"2020-09-29T14:38:43","date_gmt":"2020-09-29T12:38:43","guid":{"rendered":"http:\/\/mains-holistiques.com\/?page_id=1314"},"modified":"2023-04-28T20:10:56","modified_gmt":"2023-04-28T18:10:56","slug":"soin-triangle-dor-disis","status":"publish","type":"page","link":"https:\/\/mains-holistiques.com\/index.php\/soin-triangle-dor-disis\/","title":{"rendered":"Triangle d&rsquo;Or d&rsquo;Isis Sothis"},"content":{"rendered":"\n<h3 class=\"wp-block-heading\"><strong>QU\u2019EST CE QUE LE TRIANGLE D&rsquo;OR D&rsquo;ISIS<\/strong> <strong>SOTHIS<\/strong><\/h3>\n\n\n\n<p><\/p>\n\n\n\n<p class=\"has-normal-font-size\"><strong>Le<\/strong> <strong>Triangle d&rsquo;Or d&rsquo;Isis Sothis est un soin qui m&rsquo;a \u00e9t\u00e9 transmis lors d&rsquo;une initiation.<\/strong><\/p>\n\n\n\n<p><\/p>\n\n\n<div class=\"wp-block-image\">\n<figure class=\"aligncenter is-resized\"><img loading=\"lazy\" decoding=\"async\" src=\"http:\/\/mains-holistiques.com\/wp-content\/uploads\/2020\/09\/Isis.png\" alt=\"\" class=\"wp-image-1315\" width=\"343\" height=\"287\" srcset=\"https:\/\/mains-holistiques.com\/wp-content\/uploads\/2020\/09\/Isis.png 940w, https:\/\/mains-holistiques.com\/wp-content\/uploads\/2020\/09\/Isis-300x251.png 300w, https:\/\/mains-holistiques.com\/wp-content\/uploads\/2020\/09\/Isis-768x644.png 768w\" sizes=\"auto, (max-width: 343px) 100vw, 343px\" \/><\/figure>\n<\/div>\n\n\n<p><\/p>\n\n\n\n<p><\/p>\n\n\n\n<p><\/p>\n\n\n\n<p>Le Triangle d&rsquo;Or est un syst\u00e8me spirituel issu de l&rsquo;\u00c9gypte ancienne en liaison avec la D\u00e9esse Isis. Celle-ci incarnant la f\u00e9minit\u00e9, la maternit\u00e9&#8230;..<\/p>\n\n\n\n<p><\/p>\n\n\n\n<p>Cette \u00e9nergie \u00e0 haute fr\u00e9quence a \u00e9t\u00e9 red\u00e9couverte en 1986 par James Pruner ; son principal aspect permet de se reconnecter \u00e0 son f\u00e9minin sacr\u00e9.<\/p>\n\n\n\n<p><\/p>\n\n\n\n<p>Les \u00e9nergies du Triangle d&rsquo;Or agissent sur trois niveaux \u00e9motionnel, spirituel et physique et permettent le r\u00e9\u00e9quilibrage des centres \u00e9nerg\u00e9tiques appel\u00e9s Chakras.<\/p>\n\n\n\n<p><\/p>\n\n\n\n<p>A la fois douce et puissante, l&rsquo;\u00e9nergie d&rsquo;Isis permet de purifier, d&rsquo;\u00e9liminer les m\u00e9moires et traumatismes karmiques, transg\u00e9n\u00e9rationnels et les probl\u00e8mes rencontr\u00e9s depuis notre naissance li\u00e9s au f\u00e9minin.<\/p>\n\n\n\n<p><\/p>\n\n\n\n<figure class=\"wp-block-image size-large is-resized\"><img loading=\"lazy\" decoding=\"async\" src=\"http:\/\/mains-holistiques.com\/wp-content\/uploads\/2020\/09\/Capture-du-2019-05-09-11-26-05.png\" alt=\"\" class=\"wp-image-1317\" width=\"242\" height=\"168\"\/><\/figure>\n\n\n\n<p><\/p>\n\n\n\n<p><\/p>\n\n\n\n<h3 class=\"wp-block-heading\"><strong>D\u00c9ROULEMENT D\u2019UN SOIN TRIANGLE D&rsquo;OR D&rsquo;ISIS SOTHIS <\/strong><\/h3>\n\n\n\n<p>La s\u00e9ance commence par un \u00e9change qui permet de faire le point sur les raisons de votre visite. Ensuite tout en restant habill\u00e9 vous serez install\u00e9 confortablement sur une table de massage, les yeux ferm\u00e9s avec une musique calme et apaisante.<\/p>\n\n\n\n<p><\/p>\n\n\n\n<p>Ce soin se pratique par une imposition des mains au-dessus ou sur vos chakras principaux durant la dur\u00e9e n\u00e9cessaire \u00e0 leurs r\u00e9\u00e9quilibrages.<\/p>\n\n\n\n<p><\/p>\n\n\n\n<p>A la fin du soin nous \u00e9changerons sur nos ressentis respectifs.<\/p>\n\n\n\n<figure class=\"wp-block-image size-large is-resized\"><img loading=\"lazy\" decoding=\"async\" src=\"http:\/\/mains-holistiques.com\/wp-content\/uploads\/2020\/09\/varka200500221.jpg\" alt=\"\" class=\"wp-image-1318\" width=\"443\" height=\"247\" srcset=\"https:\/\/mains-holistiques.com\/wp-content\/uploads\/2020\/09\/varka200500221.jpg 450w, https:\/\/mains-holistiques.com\/wp-content\/uploads\/2020\/09\/varka200500221-300x167.jpg 300w\" sizes=\"auto, (max-width: 443px) 100vw, 443px\" \/><\/figure>\n\n\n\n<p><\/p>\n\n\n\n<h3 class=\"wp-block-heading\"><strong>CONTRE-INDICATIONS D&rsquo;UN SOIN TRIANGLE D&rsquo;OR D&rsquo;ISIS<\/strong> <strong>SOTHIS<\/strong><\/h3>\n\n\n\n<p><\/p>\n\n\n\n<p>Il n&rsquo;y a aucune contre-indication \u00e0 ce soin.<\/p>\n\n\n\n<p><\/p>\n\n\n\n<p>Ce soin s&rsquo;adresse \u00e0 tous, principalement aux femmes mais \u00e9galement aux hommes car nous avons tous une part de f\u00e9minin et de masculin en nous qu&rsquo;il est important d&rsquo;\u00e9quilibrer.<\/p>\n\n\n\n<p><\/p>\n\n\n\n<p><\/p>\n\n\n<div class=\"wp-block-image\">\n<figure class=\"aligncenter size-large is-resized\"><img loading=\"lazy\" decoding=\"async\" src=\"http:\/\/mains-holistiques.com\/wp-content\/uploads\/2020\/09\/Cle-Ank.jpg\" alt=\"\" class=\"wp-image-1346\" width=\"205\" height=\"205\" srcset=\"https:\/\/mains-holistiques.com\/wp-content\/uploads\/2020\/09\/Cle-Ank.jpg 236w, https:\/\/mains-holistiques.com\/wp-content\/uploads\/2020\/09\/Cle-Ank-150x150.jpg 150w\" sizes=\"auto, (max-width: 205px) 100vw, 205px\" \/><\/figure>\n<\/div>\n\n\n<p><\/p>\n\n\n\n<h3 class=\"wp-block-heading\"><strong>FR\u00c9QUENCE D\u2019UN SOIN TRIANGLE D&rsquo;OR D&rsquo;ISIS<\/strong> <strong>SOTHIS<\/strong><\/h3>\n\n\n\n<p><\/p>\n\n\n\n<p>Le rythme ainsi que le nombre de s\u00e9ance sera indiqu\u00e9 \u00e0 l&rsquo;issue du soin.<\/p>\n\n\n\n<p><\/p>\n\n\n<div class=\"wp-block-image\">\n<figure class=\"aligncenter size-large is-resized\"><img loading=\"lazy\" decoding=\"async\" src=\"http:\/\/mains-holistiques.com\/wp-content\/uploads\/2020\/09\/varka200600061.jpg\" alt=\"\" class=\"wp-image-1319\" width=\"337\" height=\"281\" srcset=\"https:\/\/mains-holistiques.com\/wp-content\/uploads\/2020\/09\/varka200600061.jpg 450w, https:\/\/mains-holistiques.com\/wp-content\/uploads\/2020\/09\/varka200600061-300x250.jpg 300w\" sizes=\"auto, (max-width: 337px) 100vw, 337px\" \/><\/figure>\n<\/div>\n\n\n<p><\/p>\n\n\n\n<h2 class=\"wp-block-heading\"><strong>LES BIENFAITS D\u2019UN SOIN TRIANGLE D&rsquo;OR D&rsquo;ISIS SOTHIS <\/strong><\/h2>\n\n\n\n<p><\/p>\n\n\n\n<ul class=\"wp-block-list\">\n<li>Harmonisation, \u00e9quilibrage des chakras<\/li>\n<\/ul>\n\n\n\n<ul class=\"wp-block-list\">\n<li>Harmonisation du f\u00e9minin et du masculin sacr\u00e9<\/li>\n<\/ul>\n\n\n\n<ul class=\"wp-block-list\">\n<li>Alignement, purification et consolidation de l\u2019aura<\/li>\n<\/ul>\n\n\n\n<ul class=\"wp-block-list\">\n<li>Activation de la circulation \u00e9nerg\u00e9tique des m\u00e9ridiens ainsi que des corps subtils et physiques<\/li>\n<\/ul>\n\n\n\n<ul class=\"wp-block-list\">\n<li>Lib\u00e9ration des diff\u00e9rents blocages, causes des mal-\u00eatres, peurs, angoisses, croyances erron\u00e9es, limitations, manque d\u2019amour et d\u2019affirmation de soi<\/li>\n<\/ul>\n\n\n\n<ul class=\"wp-block-list\">\n<li>Augmentation des capacit\u00e9s de discernement et d\u00e9veloppement de l&rsquo;intuition<\/li>\n<\/ul>\n\n\n\n<ul class=\"wp-block-list\">\n<li>Apaisement du&nbsp;mental afin de r\u00e9tablir la confiance en soi<\/li>\n<\/ul>\n\n\n\n<ul class=\"wp-block-list\">\n<li>Stimulation de la cr\u00e9ativit\u00e9<\/li>\n<\/ul>\n\n\n\n<ul class=\"wp-block-list\">\n<li>Nettoyage du subconscient afin de modifier nos pens\u00e9es et croyances<\/li>\n<\/ul>\n\n\n\n<p><\/p>\n\n\n\n<p><\/p>\n\n\n\n<figure class=\"wp-block-image size-large is-resized\"><img loading=\"lazy\" decoding=\"async\" src=\"http:\/\/mains-holistiques.com\/wp-content\/uploads\/2020\/09\/index.png\" alt=\"\" class=\"wp-image-1320\" width=\"286\" height=\"240\"\/><\/figure>\n\n\n\n<p><\/p>\n\n\n\n<p><\/p>\n\n\n\n<h3 class=\"wp-block-heading\"><strong>PRIX D&rsquo;UNE S\u00c9ANCE TRIANGLE D&rsquo;OR D&rsquo;ISIS SOTHIS<\/strong><\/h3>\n\n\n\n<p><\/p>\n\n\n\n<p>S\u00e9ance d\u2019une dur\u00e9e d\u2019environ 1h\u00a0: 70\u20ac<\/p>\n\n\n\n<p><\/p>\n\n\n\n<p class=\"has-text-align-center has-luminous-vivid-orange-color has-text-color\" style=\"font-size:19px\"><strong>Le Soin Triangle d&rsquo;Or d&rsquo;Isis Sothis comme toute pratique \u00e9nerg\u00e9tique, ne dispense pas ni de consulter un m\u00e9decin, ni de continuer un traitement en cours.<\/strong><\/p>\n\n\n\n<p><\/p>\n\n\n\n<p><strong>Ce soin peut \u00e9galement se faire \u00e0 distance (Voir explication dans Soin \u00e0 distance)&nbsp;&nbsp;&nbsp;&nbsp;&nbsp;&nbsp;&nbsp;&nbsp;&nbsp;&nbsp;&nbsp;&nbsp;&nbsp;&nbsp;&nbsp;<\/strong><\/p>\n\n\n\n<p><\/p>\n","protected":false},"excerpt":{"rendered":"<p>QU\u2019EST CE QUE LE TRIANGLE D&rsquo;OR D&rsquo;ISIS SOTHIS Le Triangle d&rsquo;Or d&rsquo;Isis Sothis est un soin qui m&rsquo;a \u00e9t\u00e9 transmis lors d&rsquo;une initiation. Le Triangle d&rsquo;Or est un syst\u00e8me spirituel issu de l&rsquo;\u00c9gypte ancienne en liaison avec la D\u00e9esse Isis. Celle-ci incarnant la f\u00e9minit\u00e9, la maternit\u00e9&#8230;.. Cette \u00e9nergie \u00e0 haute fr\u00e9quence a \u00e9t\u00e9 red\u00e9couverte en [&hellip;]<\/p>\n","protected":false},"author":1,"featured_media":0,"parent":0,"menu_order":0,"comment_status":"closed","ping_status":"closed","template":"","meta":{"footnotes":""},"class_list":["post-1314","page","type-page","status-publish","hentry"],"_links":{"self":[{"href":"https:\/\/mains-holistiques.com\/index.php\/wp-json\/wp\/v2\/pages\/1314","targetHints":{"allow":["GET"]}}],"collection":[{"href":"https:\/\/mains-holistiques.com\/index.php\/wp-json\/wp\/v2\/pages"}],"about":[{"href":"https:\/\/mains-holistiques.com\/index.php\/wp-json\/wp\/v2\/types\/page"}],"author":[{"embeddable":true,"href":"https:\/\/mains-holistiques.com\/index.php\/wp-json\/wp\/v2\/users\/1"}],"replies":[{"embeddable":true,"href":"https:\/\/mains-holistiques.com\/index.php\/wp-json\/wp\/v2\/comments?post=1314"}],"version-history":[{"count":38,"href":"https:\/\/mains-holistiques.com\/index.php\/wp-json\/wp\/v2\/pages\/1314\/revisions"}],"predecessor-version":[{"id":1567,"href":"https:\/\/mains-holistiques.com\/index.php\/wp-json\/wp\/v2\/pages\/1314\/revisions\/1567"}],"wp:attachment":[{"href":"https:\/\/mains-holistiques.com\/index.php\/wp-json\/wp\/v2\/media?parent=1314"}],"curies":[{"name":"wp","href":"https:\/\/api.w.org\/{rel}","templated":true}]}}