{"id":1342,"date":"2020-09-29T17:11:59","date_gmt":"2020-09-29T15:11:59","guid":{"rendered":"http:\/\/mains-holistiques.com\/?page_id=1342"},"modified":"2020-10-09T09:59:41","modified_gmt":"2020-10-09T07:59:41","slug":"quest-ce-que-le-triangle-dor-disis-sothis","status":"publish","type":"page","link":"https:\/\/mains-holistiques.com\/index.php\/quest-ce-que-le-triangle-dor-disis-sothis\/","title":{"rendered":"Qu&rsquo;est ce que le Triangle d&rsquo;Or d&rsquo;Isis Sothis"},"content":{"rendered":"\n<p class=\"has-medium-font-size\"><strong>Le<\/strong> <strong>Triangle d\u2019Or d\u2019Isis Sothis est un soin qui m\u2019a \u00e9t\u00e9 transmis lors d\u2019une initiation.<\/strong><\/p>\n\n\n\n<p><\/p>\n\n\n\n<p>Le Triangle d\u2019Or est un syst\u00e8me spirituel issu de l\u2019\u00c9gypte ancienne en liaison avec la D\u00e9esse Isis. Celle-ci incarnant la f\u00e9minit\u00e9, la maternit\u00e9\u2026..<\/p>\n\n\n\n<p><\/p>\n\n\n\n<p>Cette \u00e9nergie \u00e0 haute fr\u00e9quence a \u00e9t\u00e9 red\u00e9couverte en 1986 par James Pruner ; son principal aspect permet de se reconnecter \u00e0 son f\u00e9minin sacr\u00e9.<\/p>\n\n\n\n<p><\/p>\n\n\n\n<p>Les \u00e9nergies du Triangle d\u2019Or agissent sur trois niveaux \u00e9motionnel, spirituel et physique et permettent le r\u00e9\u00e9quilibrage des centres \u00e9nerg\u00e9tiques appel\u00e9s Chakras.<\/p>\n\n\n\n<p><\/p>\n\n\n\n<p>A la fois douce et puissante, l\u2019\u00e9nergie d\u2019Isis permet de purifier, d\u2019\u00e9liminer les m\u00e9moires et traumatismes karmiques, transg\u00e9n\u00e9rationnels et les probl\u00e8mes rencontr\u00e9s depuis notre naissance li\u00e9s au f\u00e9minin.<\/p>\n\n\n\n<p><\/p>\n\n\n\n<div class=\"wp-block-image\"><figure class=\"alignleft size-large is-resized\"><img loading=\"lazy\" decoding=\"async\" src=\"http:\/\/mains-holistiques.com\/wp-content\/uploads\/2020\/10\/Isis.png\" alt=\"\" class=\"wp-image-1373\" width=\"388\" height=\"325\" srcset=\"https:\/\/mains-holistiques.com\/wp-content\/uploads\/2020\/10\/Isis.png 940w, https:\/\/mains-holistiques.com\/wp-content\/uploads\/2020\/10\/Isis-300x251.png 300w, https:\/\/mains-holistiques.com\/wp-content\/uploads\/2020\/10\/Isis-768x644.png 768w\" sizes=\"auto, (max-width: 388px) 100vw, 388px\" \/><\/figure><\/div>\n","protected":false},"excerpt":{"rendered":"<p>Le Triangle d\u2019Or d\u2019Isis Sothis est un soin qui m\u2019a \u00e9t\u00e9 transmis lors d\u2019une initiation. Le Triangle d\u2019Or est un syst\u00e8me spirituel issu de l\u2019\u00c9gypte ancienne en liaison avec la D\u00e9esse Isis. Celle-ci incarnant la f\u00e9minit\u00e9, la maternit\u00e9\u2026.. Cette \u00e9nergie \u00e0 haute fr\u00e9quence a \u00e9t\u00e9 red\u00e9couverte en 1986 par James Pruner ; son principal aspect [&hellip;]<\/p>\n","protected":false},"author":1,"featured_media":0,"parent":0,"menu_order":0,"comment_status":"closed","ping_status":"closed","template":"","meta":{"footnotes":""},"class_list":["post-1342","page","type-page","status-publish","hentry"],"_links":{"self":[{"href":"https:\/\/mains-holistiques.com\/index.php\/wp-json\/wp\/v2\/pages\/1342","targetHints":{"allow":["GET"]}}],"collection":[{"href":"https:\/\/mains-holistiques.com\/index.php\/wp-json\/wp\/v2\/pages"}],"about":[{"href":"https:\/\/mains-holistiques.com\/index.php\/wp-json\/wp\/v2\/types\/page"}],"author":[{"embeddable":true,"href":"https:\/\/mains-holistiques.com\/index.php\/wp-json\/wp\/v2\/users\/1"}],"replies":[{"embeddable":true,"href":"https:\/\/mains-holistiques.com\/index.php\/wp-json\/wp\/v2\/comments?post=1342"}],"version-history":[{"count":7,"href":"https:\/\/mains-holistiques.com\/index.php\/wp-json\/wp\/v2\/pages\/1342\/revisions"}],"predecessor-version":[{"id":1547,"href":"https:\/\/mains-holistiques.com\/index.php\/wp-json\/wp\/v2\/pages\/1342\/revisions\/1547"}],"wp:attachment":[{"href":"https:\/\/mains-holistiques.com\/index.php\/wp-json\/wp\/v2\/media?parent=1342"}],"curies":[{"name":"wp","href":"https:\/\/api.w.org\/{rel}","templated":true}]}}