{"id":1377,"date":"2020-10-01T19:51:33","date_gmt":"2020-10-01T17:51:33","guid":{"rendered":"http:\/\/mains-holistiques.com\/?page_id=1377"},"modified":"2020-10-09T10:02:54","modified_gmt":"2020-10-09T08:02:54","slug":"deroulement-dun-soin-triangle-dor-disis-sothis","status":"publish","type":"page","link":"https:\/\/mains-holistiques.com\/index.php\/deroulement-dun-soin-triangle-dor-disis-sothis\/","title":{"rendered":"S\u00e9ance d&rsquo;un soin Triangle d&rsquo;Or d&rsquo;Isis Sothis"},"content":{"rendered":"\n<p style=\"font-size:24px\"><strong>D\u00c9ROULEMENT D\u2019UN SOIN TRIANGLE D&rsquo;OR D&rsquo;ISIS SOTHIS<\/strong><\/p>\n\n\n\n<p><\/p>\n\n\n\n<p>La s\u00e9ance commence par un \u00e9change qui permet de faire le point sur les raisons de votre visite. Ensuite tout en restant habill\u00e9 vous serez install\u00e9 confortablement sur une table de massage, les yeux ferm\u00e9s avec une musique calme et apaisante.<\/p>\n\n\n\n<p><\/p>\n\n\n\n<p>Ce soin se pratique par une imposition des mains au-dessus ou sur vos chakras principaux durant la dur\u00e9e n\u00e9cessaire \u00e0 leurs r\u00e9\u00e9quilibrages.<\/p>\n\n\n\n<p><\/p>\n\n\n\n<p>A la fin du soin nous \u00e9changerons sur nos ressentis respectifs.<\/p>\n\n\n\n<p><\/p>\n\n\n\n<div class=\"wp-block-image\"><figure class=\"aligncenter size-large is-resized\"><img loading=\"lazy\" decoding=\"async\" src=\"http:\/\/mains-holistiques.com\/wp-content\/uploads\/2020\/10\/varka200500221.jpg\" alt=\"\" class=\"wp-image-1378\" width=\"504\" height=\"280\" srcset=\"https:\/\/mains-holistiques.com\/wp-content\/uploads\/2020\/10\/varka200500221.jpg 450w, https:\/\/mains-holistiques.com\/wp-content\/uploads\/2020\/10\/varka200500221-300x167.jpg 300w\" sizes=\"auto, (max-width: 504px) 100vw, 504px\" \/><\/figure><\/div>\n\n\n\n<p><\/p>\n\n\n\n<p style=\"font-size:24px\"><strong>CONTRE-INDICATIONS D&rsquo;UN SOIN TRIANGLE D&rsquo;OR D&rsquo;ISIS SOTHIS<\/strong><\/p>\n\n\n\n<p><\/p>\n\n\n\n<p>Il n&rsquo;y a aucune contre-indication \u00e0 ce soin.<\/p>\n\n\n\n<p><\/p>\n\n\n\n<p>Ce soin s&rsquo;adresse \u00e0 tous, principalement aux femmes mais \u00e9galement aux hommes car nous avons tous une part de f\u00e9minin et de masculin en nous qu&rsquo;il est important d&rsquo;\u00e9quilibrer.<\/p>\n\n\n\n<p><\/p>\n\n\n\n<div class=\"wp-block-image\"><figure class=\"aligncenter size-large is-resized\"><img loading=\"lazy\" decoding=\"async\" src=\"http:\/\/mains-holistiques.com\/wp-content\/uploads\/2020\/10\/Cle-Ank.jpg\" alt=\"\" class=\"wp-image-1383\" width=\"247\" height=\"247\" srcset=\"https:\/\/mains-holistiques.com\/wp-content\/uploads\/2020\/10\/Cle-Ank.jpg 236w, https:\/\/mains-holistiques.com\/wp-content\/uploads\/2020\/10\/Cle-Ank-150x150.jpg 150w\" sizes=\"auto, (max-width: 247px) 100vw, 247px\" \/><\/figure><\/div>\n\n\n\n<p><\/p>\n\n\n\n<p style=\"font-size:24px\"><strong>FR\u00c9QUENCE D\u2019UN SOIN TRIANGLE D&rsquo;OR D&rsquo;ISIS<\/strong> <strong>SOTHIS<\/strong><\/p>\n\n\n\n<p><\/p>\n\n\n\n<p>Le rythme ainsi que le nombre de s\u00e9ance sera indiqu\u00e9 \u00e0 l&rsquo;issue du soin.<\/p>\n\n\n\n<p><\/p>\n\n\n\n<p class=\"has-text-align-center has-luminous-vivid-orange-color has-text-color\" style=\"font-size:22px\"><strong>Le Soin Triangle d&rsquo;Or d&rsquo;Isis Sothis comme toute pratique \u00e9nerg\u00e9tique, ne dispense pas ni de consulter un m\u00e9decin, ni de continuer un traitement en cours.<\/strong><\/p>\n","protected":false},"excerpt":{"rendered":"<p>D\u00c9ROULEMENT D\u2019UN SOIN TRIANGLE D&rsquo;OR D&rsquo;ISIS SOTHIS La s\u00e9ance commence par un \u00e9change qui permet de faire le point sur les raisons de votre visite. Ensuite tout en restant habill\u00e9 vous serez install\u00e9 confortablement sur une table de massage, les yeux ferm\u00e9s avec une musique calme et apaisante. Ce soin se pratique par une imposition [&hellip;]<\/p>\n","protected":false},"author":1,"featured_media":0,"parent":0,"menu_order":0,"comment_status":"closed","ping_status":"closed","template":"","meta":{"footnotes":""},"class_list":["post-1377","page","type-page","status-publish","hentry"],"_links":{"self":[{"href":"https:\/\/mains-holistiques.com\/index.php\/wp-json\/wp\/v2\/pages\/1377","targetHints":{"allow":["GET"]}}],"collection":[{"href":"https:\/\/mains-holistiques.com\/index.php\/wp-json\/wp\/v2\/pages"}],"about":[{"href":"https:\/\/mains-holistiques.com\/index.php\/wp-json\/wp\/v2\/types\/page"}],"author":[{"embeddable":true,"href":"https:\/\/mains-holistiques.com\/index.php\/wp-json\/wp\/v2\/users\/1"}],"replies":[{"embeddable":true,"href":"https:\/\/mains-holistiques.com\/index.php\/wp-json\/wp\/v2\/comments?post=1377"}],"version-history":[{"count":6,"href":"https:\/\/mains-holistiques.com\/index.php\/wp-json\/wp\/v2\/pages\/1377\/revisions"}],"predecessor-version":[{"id":1549,"href":"https:\/\/mains-holistiques.com\/index.php\/wp-json\/wp\/v2\/pages\/1377\/revisions\/1549"}],"wp:attachment":[{"href":"https:\/\/mains-holistiques.com\/index.php\/wp-json\/wp\/v2\/media?parent=1377"}],"curies":[{"name":"wp","href":"https:\/\/api.w.org\/{rel}","templated":true}]}}