{"id":1385,"date":"2020-10-01T20:33:01","date_gmt":"2020-10-01T18:33:01","guid":{"rendered":"http:\/\/mains-holistiques.com\/?page_id=1385"},"modified":"2020-10-05T18:50:44","modified_gmt":"2020-10-05T16:50:44","slug":"bienfaits-dun-soin-triangle-dor-disis-sothis","status":"publish","type":"page","link":"https:\/\/mains-holistiques.com\/index.php\/bienfaits-dun-soin-triangle-dor-disis-sothis\/","title":{"rendered":"Bienfaits d&rsquo;un soin Triangle d&rsquo;Or d&rsquo;Isis Sothis"},"content":{"rendered":"\n<p><\/p>\n\n\n\n<ul class=\"wp-block-list\"><li>Harmonisation, \u00e9quilibrage des chakras<\/li><li>Harmonisation du f\u00e9minin et du masculin sacr\u00e9<\/li><\/ul>\n\n\n\n<ul class=\"wp-block-list\"><li>Alignement, purification et consolidation de l\u2019aura<\/li><\/ul>\n\n\n\n<ul class=\"wp-block-list\"><li>Activation de la circulation \u00e9nerg\u00e9tique des m\u00e9ridiens ainsi que des corps subtils et physiques<\/li><\/ul>\n\n\n\n<ul class=\"wp-block-list\"><li>Lib\u00e9ration des diff\u00e9rents blocages, causes des mal-\u00eatres, peurs, angoisses, croyances erron\u00e9es, limitations, manque d\u2019amour et d\u2019affirmation de soi<\/li><\/ul>\n\n\n\n<ul class=\"wp-block-list\"><li>Augmentation des capacit\u00e9s de discernement et d\u00e9veloppement de l&rsquo;intuition<\/li><\/ul>\n\n\n\n<ul class=\"wp-block-list\"><li>Apaisement du&nbsp;mental afin de r\u00e9tablir la confiance en soi<\/li><\/ul>\n\n\n\n<ul class=\"wp-block-list\"><li>Stimulation de la cr\u00e9ativit\u00e9<\/li><\/ul>\n\n\n\n<ul class=\"wp-block-list\"><li>Nettoyage du subconscient afin de modifier nos pens\u00e9es et croyances<\/li><\/ul>\n\n\n\n<p><\/p>\n\n\n\n<p><\/p>\n\n\n\n<figure class=\"wp-block-image size-large is-resized\"><img loading=\"lazy\" decoding=\"async\" src=\"http:\/\/mains-holistiques.com\/wp-content\/uploads\/2020\/10\/varka200600061.jpg\" alt=\"\" class=\"wp-image-1392\" width=\"439\" height=\"366\" srcset=\"https:\/\/mains-holistiques.com\/wp-content\/uploads\/2020\/10\/varka200600061.jpg 450w, https:\/\/mains-holistiques.com\/wp-content\/uploads\/2020\/10\/varka200600061-300x250.jpg 300w\" sizes=\"auto, (max-width: 439px) 100vw, 439px\" \/><\/figure>\n\n\n\n<p><\/p>\n\n\n\n<p><\/p>\n","protected":false},"excerpt":{"rendered":"<p>Harmonisation, \u00e9quilibrage des chakras Harmonisation du f\u00e9minin et du masculin sacr\u00e9 Alignement, purification et consolidation de l\u2019aura Activation de la circulation \u00e9nerg\u00e9tique des m\u00e9ridiens ainsi que des corps subtils et physiques Lib\u00e9ration des diff\u00e9rents blocages, causes des mal-\u00eatres, peurs, angoisses, croyances erron\u00e9es, limitations, manque d\u2019amour et d\u2019affirmation de soi Augmentation des capacit\u00e9s de discernement et [&hellip;]<\/p>\n","protected":false},"author":1,"featured_media":0,"parent":0,"menu_order":0,"comment_status":"closed","ping_status":"closed","template":"","meta":{"footnotes":""},"class_list":["post-1385","page","type-page","status-publish","hentry"],"_links":{"self":[{"href":"https:\/\/mains-holistiques.com\/index.php\/wp-json\/wp\/v2\/pages\/1385","targetHints":{"allow":["GET"]}}],"collection":[{"href":"https:\/\/mains-holistiques.com\/index.php\/wp-json\/wp\/v2\/pages"}],"about":[{"href":"https:\/\/mains-holistiques.com\/index.php\/wp-json\/wp\/v2\/types\/page"}],"author":[{"embeddable":true,"href":"https:\/\/mains-holistiques.com\/index.php\/wp-json\/wp\/v2\/users\/1"}],"replies":[{"embeddable":true,"href":"https:\/\/mains-holistiques.com\/index.php\/wp-json\/wp\/v2\/comments?post=1385"}],"version-history":[{"count":2,"href":"https:\/\/mains-holistiques.com\/index.php\/wp-json\/wp\/v2\/pages\/1385\/revisions"}],"predecessor-version":[{"id":1393,"href":"https:\/\/mains-holistiques.com\/index.php\/wp-json\/wp\/v2\/pages\/1385\/revisions\/1393"}],"wp:attachment":[{"href":"https:\/\/mains-holistiques.com\/index.php\/wp-json\/wp\/v2\/media?parent=1385"}],"curies":[{"name":"wp","href":"https:\/\/api.w.org\/{rel}","templated":true}]}}