{"id":231,"date":"2019-06-06T12:51:53","date_gmt":"2019-06-06T10:51:53","guid":{"rendered":"http:\/\/mains-holistiques.com\/?page_id=231"},"modified":"2019-06-22T20:05:22","modified_gmt":"2019-06-22T18:05:22","slug":"deroulement-dune-seance-de-chi-nei-tsang","status":"publish","type":"page","link":"https:\/\/mains-holistiques.com\/index.php\/deroulement-dune-seance-de-chi-nei-tsang\/","title":{"rendered":"S\u00e9ance de Chi Nei Tsang"},"content":{"rendered":"\n<h2 class=\"wp-block-heading\"><strong>D\u00c9ROULEMENT D\u2019UNE S\u00c9ANCE DE CHI NEI TSANG <\/strong> <\/h2>\n\n\n\n<p>La s\u00e9ance commence par un temps d\u2019\u00e9coute qui permet de\nfaire le point sur les raisons de votre visite, ensuite tout en restant habill\u00e9\n(seul le ventre sera d\u00e9couvert) vous serez install\u00e9 confortablement sur une\ntable de massage, les yeux ferm\u00e9s avec une musique calme et apaisante.<\/p>\n\n\n\n<p>La s\u00e9ance d\u00e9butera en \u00e9tablissant un contact avec\nl\u2019ensemble de l\u2019abdomen par le biais de la respiration. Puis, par un toucher\nsubtil qui \u00e9coute, on rassure le ventre afin de l\u2019aider \u00e0 se rel\u00e2cher et ainsi permettre\nd\u2019exercer diff\u00e9rentes man\u0153uvres de bercements, de micro-\u00e9tirements ou de douces\net profondes pressions.<\/p>\n\n\n\n<div class=\"wp-block-image\"><figure class=\"aligncenter is-resized\"><img loading=\"lazy\" decoding=\"async\" src=\"http:\/\/mains-holistiques.com\/wp-content\/uploads\/2019\/06\/hands-massaging-female-abdomentherapist-applying-260nw-716471500-Bis.jpg\" alt=\"\" class=\"wp-image-633\" width=\"505\" height=\"288\" srcset=\"https:\/\/mains-holistiques.com\/wp-content\/uploads\/2019\/06\/hands-massaging-female-abdomentherapist-applying-260nw-716471500-Bis.jpg 385w, https:\/\/mains-holistiques.com\/wp-content\/uploads\/2019\/06\/hands-massaging-female-abdomentherapist-applying-260nw-716471500-Bis-300x171.jpg 300w\" sizes=\"auto, (max-width: 505px) 100vw, 505px\" \/><\/figure><\/div>\n\n\n\n<p>La s\u00e9ance se termine par quelques manipulations ayant\npour but de favoriser l\u2019\u00e9limination des toxines en douceur et de r\u00e9partir\nl\u2019\u00e9nergie dans votre corps.<\/p>\n\n\n\n<p>&nbsp;A&nbsp;l\u2019issue\nde la s\u00e9ance, vous reprendrez tranquillement vos esprits et un verre d\u2019eau vous\nsera propos\u00e9 pour favoris\u00e9 l\u2019\u00e9limination. <\/p>\n\n\n\n<p>Vous serez plus \u00e0 l\u2019aise si vous portez\ndes v\u00eatements souples \u00ab&nbsp;style surv\u00eatement&nbsp;\u00bb qu\u2019il est possible\nd\u2019emmener avec vous pour vous changer sur place si vous le souhaitez.<\/p>\n\n\n\n<div class=\"wp-block-image\"><figure class=\"aligncenter is-resized\"><img loading=\"lazy\" decoding=\"async\" src=\"http:\/\/mains-holistiques.com\/wp-content\/uploads\/2019\/06\/woman-having-abdomen-massage-260nw-361222529-Bis.jpg\" alt=\"\" class=\"wp-image-279\" width=\"508\" height=\"340\" srcset=\"https:\/\/mains-holistiques.com\/wp-content\/uploads\/2019\/06\/woman-having-abdomen-massage-260nw-361222529-Bis.jpg 389w, https:\/\/mains-holistiques.com\/wp-content\/uploads\/2019\/06\/woman-having-abdomen-massage-260nw-361222529-Bis-300x201.jpg 300w\" sizes=\"auto, (max-width: 508px) 100vw, 508px\" \/><\/figure><\/div>\n\n\n\n<h3 class=\"wp-block-heading\"><strong>CONTRE-INDICATIONS DU CHI NEI TSANG<\/strong><\/h3>\n\n\n\n<ul class=\"wp-block-list\"><li>Port de pacemaker (probl\u00e8me cardiaque)<\/li><li>En cas de grossesse&nbsp;<\/li><\/ul>\n\n\n\n<p>Certaines\nsituations requi\u00e8rent l\u2019accord du m\u00e9decin traitant.<\/p>\n\n\n\n<p><strong>Le port d\u2019un st\u00e9rilet devra \u00eatre\npr\u00e9cis\u00e9 au praticien<\/strong><\/p>\n\n\n\n<h3 class=\"wp-block-heading\"><strong>FR\u00c9QUENCE DES S\u00c9ANCES DE CHI NEI TSANG<\/strong> <\/h3>\n\n\n\n<p>Le rythme et le nombre des \ns\u00e9ances sont en fonction de l\u2019anciennet\u00e9 du d\u00e9s\u00e9quilibre, de sa nature \net de la r\u00e9action aux s\u00e9ances. <\/p>\n\n\n\n<p><strong><em>Pr\u00e9cautions<\/em><\/strong>:<\/p>\n\n\n\n<p>Apr\u00e8s le soin, vous pouvez ressentir une\nprofonde d\u00e9tente, parfois aussi une sensation de fatigue qui peut durer\nquelques heures, suivie d\u2019un regain d\u2019\u00e9nergie. Pour votre confort, l\u2019id\u00e9al est\nde disposer <strong>d\u2019un temps de repos ou de tranquillit\u00e9 apr\u00e8s le soin.<\/strong><\/p>\n\n\n\n<p style=\"text-align:center\" class=\"has-text-color has-normal-font-size has-luminous-vivid-orange-color\"><strong>Ne pas reprendre son v\u00e9hicule directement apr\u00e8s le soin, pr\u00e9voir avant 15 minutes de marche.<\/strong><\/p>\n\n\n\n<p style=\"font-size:19px;text-align:center\" class=\"has-text-color has-luminous-vivid-orange-color\"><strong>Le\n Chi Nei Tsang comme toute pratique \u00e9nerg\u00e9tique, ne dispense pas ni de \nconsulter un m\u00e9decin, ni de continuer un traitement en cours.<\/strong><\/p>\n","protected":false},"excerpt":{"rendered":"<p>D\u00c9ROULEMENT D\u2019UNE S\u00c9ANCE DE CHI NEI TSANG La s\u00e9ance commence par un temps d\u2019\u00e9coute qui permet de faire le point sur les raisons de votre visite, ensuite tout en restant habill\u00e9 (seul le ventre sera d\u00e9couvert) vous serez install\u00e9 confortablement sur une table de massage, les yeux ferm\u00e9s avec une musique calme et apaisante. La [&hellip;]<\/p>\n","protected":false},"author":1,"featured_media":0,"parent":0,"menu_order":0,"comment_status":"closed","ping_status":"closed","template":"","meta":{"footnotes":""},"class_list":["post-231","page","type-page","status-publish","hentry"],"_links":{"self":[{"href":"https:\/\/mains-holistiques.com\/index.php\/wp-json\/wp\/v2\/pages\/231","targetHints":{"allow":["GET"]}}],"collection":[{"href":"https:\/\/mains-holistiques.com\/index.php\/wp-json\/wp\/v2\/pages"}],"about":[{"href":"https:\/\/mains-holistiques.com\/index.php\/wp-json\/wp\/v2\/types\/page"}],"author":[{"embeddable":true,"href":"https:\/\/mains-holistiques.com\/index.php\/wp-json\/wp\/v2\/users\/1"}],"replies":[{"embeddable":true,"href":"https:\/\/mains-holistiques.com\/index.php\/wp-json\/wp\/v2\/comments?post=231"}],"version-history":[{"count":11,"href":"https:\/\/mains-holistiques.com\/index.php\/wp-json\/wp\/v2\/pages\/231\/revisions"}],"predecessor-version":[{"id":853,"href":"https:\/\/mains-holistiques.com\/index.php\/wp-json\/wp\/v2\/pages\/231\/revisions\/853"}],"wp:attachment":[{"href":"https:\/\/mains-holistiques.com\/index.php\/wp-json\/wp\/v2\/media?parent=231"}],"curies":[{"name":"wp","href":"https:\/\/api.w.org\/{rel}","templated":true}]}}