{"id":232,"date":"2019-06-06T12:51:53","date_gmt":"2019-06-06T10:51:53","guid":{"rendered":"http:\/\/mains-holistiques.com\/?page_id=232"},"modified":"2020-10-01T20:09:07","modified_gmt":"2020-10-01T18:09:07","slug":"principaux-bienfaits-du-chi-nei-tsang","status":"publish","type":"page","link":"https:\/\/mains-holistiques.com\/index.php\/principaux-bienfaits-du-chi-nei-tsang\/","title":{"rendered":"Principaux bienfaits du Chi Nei Tsang"},"content":{"rendered":"\n<h4 class=\"wp-block-heading\"><strong><em>Le Chi Nei Tsang peut aider \u00e0 :<\/em><\/strong><\/h4>\n\n\n\n<ul class=\"wp-block-list\"><li>Un apaisement profond, une sensation de l\u00e9g\u00e8ret\u00e9, une reconnexion avec soi-m\u00eame<\/li><li>Un accompagnement lors de passages douloureux ou transitoires importants dans la vie<\/li><li>Soulager, et \u00e0 \u00e9liminer les crispations, blocages et raideurs&nbsp;\u00ab\u00a0parfois      tr\u00e8s anciennes\u00a0\u00bb du dos (tels que sciatiques,&nbsp; lombalgies&#8230;. m\u00eame chroniques), des \u00e9paules, de la nuque et du cou&#8230;..<\/li><li>Am\u00e9liorer la posture<\/li><li>Am\u00e9liorer la digestion, le transit intestinal (constipation, diarrh\u00e9e&#8230;.)<\/li><li>Soulager les maux de ventre, les douleurs menstruelles<\/li><li>Lutter contre la fatigue g\u00e9n\u00e9rale \u00ab\u00a0chronique\u00a0\u00bb ou le manque d\u2019entrain<\/li><li>R\u00e9duire ou faire disparaitre les souffrances articulaires, les rhumatismes, les douleurs musculaires, les n\u00e9vralgies diverses&#8230;.<\/li><li>R\u00e9duire ou faire disparaitre les migraines, certaines allergies et l&rsquo;insomnie<\/li><li>D\u00e9sintoxiquer le corps en \u00e9liminant les toxines<\/li><li>Fortifier et renforcer le syst\u00e8me immunitaire et redonner vitalit\u00e9 aux organes internes pour une meilleure r\u00e9sistance aux maladies.<\/li><li>Stimuler le syst\u00e8me circulatoire, pulmonaire et lymphatique <\/li><li>R\u00e9guler efficacement la tension art\u00e9rielle &amp; le poids corporel<\/li><li>Att\u00e9nuer ou faire disparaitre les \u00e9motions n\u00e9gatives (l&rsquo;anxi\u00e9t\u00e9, l&rsquo;angoisse et les \u00e9tats d\u00e9pressifs)<\/li><li>D\u00e9bloquer le&nbsp;diaphragme<\/li><li>Une meilleure connaissance de soi-m\u00eame<\/li><li>Faire renaitre la joie de vivre<\/li><li>Optimiser les r\u00e9sultats des autres soins &nbsp;<strong>(Les personnes qui   re\u00e7oivent des traitements de Chi Nei Tsang avant et apr\u00e8s une op\u00e9ration chirurgicale se r\u00e9tablissent mieux et plus rapidement).<\/strong><\/li><\/ul>\n\n\n\n<div class=\"wp-block-image\"><figure class=\"aligncenter is-resized\"><img loading=\"lazy\" decoding=\"async\" src=\"http:\/\/mains-holistiques.com\/wp-content\/uploads\/2019\/06\/wellness-589776__340.jpg\" alt=\"\" class=\"wp-image-791\" width=\"341\" height=\"227\" srcset=\"https:\/\/mains-holistiques.com\/wp-content\/uploads\/2019\/06\/wellness-589776__340.jpg 510w, https:\/\/mains-holistiques.com\/wp-content\/uploads\/2019\/06\/wellness-589776__340-300x200.jpg 300w\" sizes=\"auto, (max-width: 341px) 100vw, 341px\" \/><\/figure><\/div>\n\n\n\n<p class=\"has-text-align-center\"><strong>A long terme, ces bienfaits persistent.<\/strong><\/p>\n\n\n\n<p class=\"has-text-align-center\">Le sommeil s&rsquo;am\u00e9liore, ainsi que le m\u00e9tabolisme et la\ndigestion.<\/p>\n\n\n\n<p class=\"has-text-align-center\"><em>\u00ab\u00a0Il est constat\u00e9 \u00e9galement une certaine stabilit\u00e9\n\u00e9motionnelle\u00a0\u00bb.<\/em><em><\/em><\/p>\n","protected":false},"excerpt":{"rendered":"<p>Le Chi Nei Tsang peut aider \u00e0 : Un apaisement profond, une sensation de l\u00e9g\u00e8ret\u00e9, une reconnexion avec soi-m\u00eame Un accompagnement lors de passages douloureux ou transitoires importants dans la vie Soulager, et \u00e0 \u00e9liminer les crispations, blocages et raideurs&nbsp;\u00ab\u00a0parfois tr\u00e8s anciennes\u00a0\u00bb du dos (tels que sciatiques,&nbsp; lombalgies&#8230;. m\u00eame chroniques), des \u00e9paules, de la nuque [&hellip;]<\/p>\n","protected":false},"author":1,"featured_media":0,"parent":0,"menu_order":0,"comment_status":"closed","ping_status":"closed","template":"","meta":{"footnotes":""},"class_list":["post-232","page","type-page","status-publish","hentry"],"_links":{"self":[{"href":"https:\/\/mains-holistiques.com\/index.php\/wp-json\/wp\/v2\/pages\/232","targetHints":{"allow":["GET"]}}],"collection":[{"href":"https:\/\/mains-holistiques.com\/index.php\/wp-json\/wp\/v2\/pages"}],"about":[{"href":"https:\/\/mains-holistiques.com\/index.php\/wp-json\/wp\/v2\/types\/page"}],"author":[{"embeddable":true,"href":"https:\/\/mains-holistiques.com\/index.php\/wp-json\/wp\/v2\/users\/1"}],"replies":[{"embeddable":true,"href":"https:\/\/mains-holistiques.com\/index.php\/wp-json\/wp\/v2\/comments?post=232"}],"version-history":[{"count":6,"href":"https:\/\/mains-holistiques.com\/index.php\/wp-json\/wp\/v2\/pages\/232\/revisions"}],"predecessor-version":[{"id":1381,"href":"https:\/\/mains-holistiques.com\/index.php\/wp-json\/wp\/v2\/pages\/232\/revisions\/1381"}],"wp:attachment":[{"href":"https:\/\/mains-holistiques.com\/index.php\/wp-json\/wp\/v2\/media?parent=232"}],"curies":[{"name":"wp","href":"https:\/\/api.w.org\/{rel}","templated":true}]}}