{"id":54,"date":"2019-05-22T19:09:56","date_gmt":"2019-05-22T17:09:56","guid":{"rendered":"http:\/\/mains-holistiques.com\/?page_id=54"},"modified":"2019-06-22T20:01:52","modified_gmt":"2019-06-22T18:01:52","slug":"seances-de-bars","status":"publish","type":"page","link":"https:\/\/mains-holistiques.com\/index.php\/seances-de-bars\/","title":{"rendered":"S\u00e9ances de \u00ab\u00a0Bars\u00ae\u00a0\u00bb"},"content":{"rendered":"\n<h3 class=\"wp-block-heading\"><strong>COMMENT SE D\u00c9ROULE UNE S\u00c9ANCE DE \u00ab&nbsp;BARS<\/strong>\u00ae<strong>&nbsp;\u00bb <\/strong><\/h3>\n\n\n\n<p>La s\u00e9ance commence par un \u00e9change afin de comprendre vos besoins et ce que vous voulez changer dans votre vie. <\/p>\n\n\n\n<p>Ensuite tout en restant \nhabill\u00e9 vous serez allong\u00e9 confortablement sur une table de massage, le \nsoin se fera sans musique pour une meilleure lib\u00e9ration.<\/p>\n\n\n\n<h3 class=\"wp-block-heading\"><strong>COMBIEN DE S\u00c9ANCE POUVONS-NOUS RECEVOIR <\/strong><\/h3>\n\n\n\n<p>Combien de temps souhaitez-vous prendre pour vous\nsentir bien ?<\/p>\n\n\n\n<p>\u00cates vous d\u00e9cid\u00e9 \u00e0 prendre soin de vous et de votre\ncorps ? <\/p>\n\n\n\n<p>Cela peut \u00eatre une fois par semaine, une ou plusieurs fois par mois,  en fonction<strong> de vos besoins et de vos attentes<\/strong>.<\/p>\n\n\n\n<p>Chaque\npersonne \u00e9volue \u00e0 son rythme.<\/p>\n\n\n\n<p><strong>Le praticien est juste un catalyseur, c\u2019est&nbsp; le corps de la personne recevant le soin qui va aller choisir, travailler <\/strong> <strong>o\u00f9 activer les Bars<\/strong>\u00ae<strong>.<\/strong><\/p>\n\n\n\n<h3 class=\"wp-block-heading\"><strong>Y A T\u2019IL DES CONTRES-INDICATIONS <\/strong><\/h3>\n\n\n\n<p>Il n\u2019y a aucune contre-indication.<\/p>\n\n\n\n<p>Tout le monde peut recevoir des \u00ab&nbsp;BARS\u00ae&nbsp;\u00bb y compris les personnes \u00e2g\u00e9es et les adolescents.<\/p>\n\n\n\n<p>Les enfants peuvent aussi \nrecevoir une s\u00e9ance, elle sera un peu plus courte, car ils sont moins \n\u00ab&nbsp;pollu\u00e9s&nbsp;\u00bb que les adultes qui, eux auront accumul\u00e9 des ann\u00e9es \nd\u2019ancrages et de pens\u00e9es n\u00e9gatives.<\/p>\n\n\n\n<p>En ce qui concerne les \nfemmes enceintes, cela est \u00e9galement possible mais il est recommand\u00e9 de \ndemander l\u2019avis de votre m\u00e9decin traitant avant de recevoir un soin.<\/p>\n\n\n\n<p style=\"font-size:19px;text-align:center\" class=\"has-text-color has-luminous-vivid-orange-color\"><strong>L\u2019Access Bar\u00ae comme toute pratique \u00e9nerg\u00e9tique, ne dispense pas ni de consulter un m\u00e9decin, ni de continuer un traitement en cours.<\/strong><\/p>\n","protected":false},"excerpt":{"rendered":"<p>COMMENT SE D\u00c9ROULE UNE S\u00c9ANCE DE \u00ab&nbsp;BARS\u00ae&nbsp;\u00bb La s\u00e9ance commence par un \u00e9change afin de comprendre vos besoins et ce que vous voulez changer dans votre vie. Ensuite tout en restant habill\u00e9 vous serez allong\u00e9 confortablement sur une table de massage, le soin se fera sans musique pour une meilleure lib\u00e9ration. COMBIEN DE S\u00c9ANCE POUVONS-NOUS [&hellip;]<\/p>\n","protected":false},"author":1,"featured_media":0,"parent":0,"menu_order":0,"comment_status":"closed","ping_status":"closed","template":"","meta":{"footnotes":""},"class_list":["post-54","page","type-page","status-publish","hentry"],"_links":{"self":[{"href":"https:\/\/mains-holistiques.com\/index.php\/wp-json\/wp\/v2\/pages\/54","targetHints":{"allow":["GET"]}}],"collection":[{"href":"https:\/\/mains-holistiques.com\/index.php\/wp-json\/wp\/v2\/pages"}],"about":[{"href":"https:\/\/mains-holistiques.com\/index.php\/wp-json\/wp\/v2\/types\/page"}],"author":[{"embeddable":true,"href":"https:\/\/mains-holistiques.com\/index.php\/wp-json\/wp\/v2\/users\/1"}],"replies":[{"embeddable":true,"href":"https:\/\/mains-holistiques.com\/index.php\/wp-json\/wp\/v2\/comments?post=54"}],"version-history":[{"count":10,"href":"https:\/\/mains-holistiques.com\/index.php\/wp-json\/wp\/v2\/pages\/54\/revisions"}],"predecessor-version":[{"id":864,"href":"https:\/\/mains-holistiques.com\/index.php\/wp-json\/wp\/v2\/pages\/54\/revisions\/864"}],"wp:attachment":[{"href":"https:\/\/mains-holistiques.com\/index.php\/wp-json\/wp\/v2\/media?parent=54"}],"curies":[{"name":"wp","href":"https:\/\/api.w.org\/{rel}","templated":true}]}}