{"id":593,"date":"2019-06-19T18:21:28","date_gmt":"2019-06-19T16:21:28","guid":{"rendered":"http:\/\/mains-holistiques.com\/?page_id=593"},"modified":"2019-06-22T20:06:35","modified_gmt":"2019-06-22T18:06:35","slug":"quest-ce-que-la-bio-energie","status":"publish","type":"page","link":"https:\/\/mains-holistiques.com\/index.php\/quest-ce-que-la-bio-energie\/","title":{"rendered":"Qu&rsquo;est ce que la Bio-\u00e9nergie"},"content":{"rendered":"\n<div class=\"wp-block-image\"><figure class=\"aligncenter\"><img loading=\"lazy\" decoding=\"async\" width=\"300\" height=\"240\" src=\"http:\/\/mains-holistiques.com\/wp-content\/uploads\/2019\/06\/240_F_44438105_kTpJGVcawLNTTFbr6HinUijbmVF10AUb.jpg\" alt=\"\" class=\"wp-image-650\"\/><\/figure><\/div>\n\n\n\n<p>La\nBio\u00e9nerg\u00e9tique, est une th\u00e9rapie naturelle \u00ab&nbsp;holistique&nbsp;\u00bb qui tient\ncompte de l\u2019individu dans sa globalit\u00e9 (<em>corps,\n\u00e2me et esprit<\/em>) bas\u00e9 sur la m\u00e9decine traditionnelle chinoise.<\/p>\n\n\n\n<p>Cette th\u00e9rapie\n est pr\u00e9ventive, curative et non invasive, elle permet de mesurer, \ncorriger et d\u2019\u00e9quilibrer l\u2019\u00e9nergie vitale de l\u2019\u00eatre, par \nl\u2019harmonisation, le r\u00e9\u00e9quilibrage des champs et des circuits \n\u00e9nerg\u00e9tiques de l\u2019ensemble du corps, et lui permet de retrouver sa \ncapacit\u00e9 d\u2019autogestion et d\u2019auto-gu\u00e9rison.<\/p>\n\n\n\n<p>\nLa mesure et le r\u00e9tablissement des diff\u00e9rents champs et circuits \n\u00e9nerg\u00e9tiques se fait \u00e0 l\u2019aide d\u2019instruments scientifiques sp\u00e9cialis\u00e9s \ntels que l\u2019Antenne de Lecher et l\u2019\u00c9lectropuncteur.\n\n<\/p>\n","protected":false},"excerpt":{"rendered":"<p>La Bio\u00e9nerg\u00e9tique, est une th\u00e9rapie naturelle \u00ab&nbsp;holistique&nbsp;\u00bb qui tient compte de l\u2019individu dans sa globalit\u00e9 (corps, \u00e2me et esprit) bas\u00e9 sur la m\u00e9decine traditionnelle chinoise. Cette th\u00e9rapie est pr\u00e9ventive, curative et non invasive, elle permet de mesurer, corriger et d\u2019\u00e9quilibrer l\u2019\u00e9nergie vitale de l\u2019\u00eatre, par l\u2019harmonisation, le r\u00e9\u00e9quilibrage des champs et des circuits \u00e9nerg\u00e9tiques de [&hellip;]<\/p>\n","protected":false},"author":1,"featured_media":0,"parent":0,"menu_order":0,"comment_status":"closed","ping_status":"closed","template":"","meta":{"footnotes":""},"class_list":["post-593","page","type-page","status-publish","hentry"],"_links":{"self":[{"href":"https:\/\/mains-holistiques.com\/index.php\/wp-json\/wp\/v2\/pages\/593","targetHints":{"allow":["GET"]}}],"collection":[{"href":"https:\/\/mains-holistiques.com\/index.php\/wp-json\/wp\/v2\/pages"}],"about":[{"href":"https:\/\/mains-holistiques.com\/index.php\/wp-json\/wp\/v2\/types\/page"}],"author":[{"embeddable":true,"href":"https:\/\/mains-holistiques.com\/index.php\/wp-json\/wp\/v2\/users\/1"}],"replies":[{"embeddable":true,"href":"https:\/\/mains-holistiques.com\/index.php\/wp-json\/wp\/v2\/comments?post=593"}],"version-history":[{"count":5,"href":"https:\/\/mains-holistiques.com\/index.php\/wp-json\/wp\/v2\/pages\/593\/revisions"}],"predecessor-version":[{"id":834,"href":"https:\/\/mains-holistiques.com\/index.php\/wp-json\/wp\/v2\/pages\/593\/revisions\/834"}],"wp:attachment":[{"href":"https:\/\/mains-holistiques.com\/index.php\/wp-json\/wp\/v2\/media?parent=593"}],"curies":[{"name":"wp","href":"https:\/\/api.w.org\/{rel}","templated":true}]}}