{"id":598,"date":"2019-06-19T18:21:28","date_gmt":"2019-06-19T16:21:28","guid":{"rendered":"http:\/\/mains-holistiques.com\/?page_id=598"},"modified":"2019-06-22T20:08:23","modified_gmt":"2019-06-22T18:08:23","slug":"charte-des-praticiens-en-bio-energie","status":"publish","type":"page","link":"https:\/\/mains-holistiques.com\/index.php\/charte-des-praticiens-en-bio-energie\/","title":{"rendered":"Charte des praticiens en Bio-\u00e9nergie"},"content":{"rendered":"\n<p><strong>Article &nbsp;&nbsp;1<\/strong> &#8211; La Bio-\u00e9nerg\u00e9tique implique la\nconception holistique de l&rsquo;homme et du monde.<\/p>\n\n\n\n<p><strong>Article &nbsp;&nbsp;2<\/strong> &#8211; L&rsquo;\u00e9quilibre \u00e9nerg\u00e9tique est une\ncl\u00e9 essentielle du bien-\u00eatre.<\/p>\n\n\n\n<p><strong>Article &nbsp;&nbsp;3<\/strong> &#8211; La pratique de la Bio-\u00e9nerg\u00e9tique\na pour objet de r\u00e9tablir l&rsquo;\u00e9quilibre \u00e9nerg\u00e9tique.<\/p>\n\n\n\n<p style=\"text-align:left\"><strong>Article &nbsp;&nbsp;4<\/strong> &#8211; Le praticien en Bio-\u00e9nerg\u00e9tique s&rsquo;engage \u00e0 exercer son activit\u00e9 avec humanit\u00e9, probit\u00e9 et loyaut\u00e9.<\/p>\n\n\n\n<p><strong>Article &nbsp;&nbsp;5<\/strong> &#8211; Le praticien en Bio-\u00e9nerg\u00e9tique s&rsquo;engage \u00e0 toujours observer le  principe fondamental du respect de la personne humaine.<br> <br> <strong>Article &nbsp;&nbsp;6<\/strong> &#8211; Le praticien en Bio-\u00e9nerg\u00e9tique s&rsquo;interdit toute publicit\u00e9 mensong\u00e8re sur son activit\u00e9.<\/p>\n\n\n\n<p><strong>Article &nbsp;&nbsp;7<\/strong> &#8211; Le praticien en Bio-\u00e9nerg\u00e9tique doit \u00eatre en \u00e9tat de disponibilit\u00e9 pour apporter \u00e0 l&rsquo;autre l&rsquo;aide qu&rsquo;il sollicite.<\/p>\n\n\n\n<p><strong>Article &nbsp;&nbsp;8<\/strong> &#8211; Le praticien en Bio-\u00e9nerg\u00e9tique se tient r\u00e9guli\u00e8rement inform\u00e9 de l&rsquo;\u00e9volution des disciplines qu&rsquo;il pratique en parfaisant, le cas \u00e9ch\u00e9ant sa formation.<br> <strong><br> Article &nbsp;&nbsp;9<\/strong> &#8211; Le praticien en Bio-\u00e9nerg\u00e9tique s&rsquo;engage a n&rsquo;utiliser, dans sa                                                                                                                                    pratique, que les moyens naturels de la Bio-\u00e9nerg\u00e9tique.<\/p>\n\n\n\n<p><strong>Article 10<\/strong> &#8211; Le praticien en Bio-\u00e9nerg\u00e9tique s&rsquo;engage au respect de la loi qui d\u00e9finit son statut.<\/p>\n\n\n\n<div class=\"wp-block-image\"><figure class=\"aligncenter is-resized\"><img loading=\"lazy\" decoding=\"async\" src=\"http:\/\/mains-holistiques.com\/wp-content\/uploads\/2019\/06\/240_F_223421263_7yPqweaxqJYS28l0yVDchV5Jn2VNJdRG.jpg\" alt=\"\" class=\"wp-image-776\" width=\"116\" height=\"78\" srcset=\"https:\/\/mains-holistiques.com\/wp-content\/uploads\/2019\/06\/240_F_223421263_7yPqweaxqJYS28l0yVDchV5Jn2VNJdRG.jpg 360w, https:\/\/mains-holistiques.com\/wp-content\/uploads\/2019\/06\/240_F_223421263_7yPqweaxqJYS28l0yVDchV5Jn2VNJdRG-300x200.jpg 300w\" sizes=\"auto, (max-width: 116px) 100vw, 116px\" \/><\/figure><\/div>\n","protected":false},"excerpt":{"rendered":"<p>Article &nbsp;&nbsp;1 &#8211; La Bio-\u00e9nerg\u00e9tique implique la conception holistique de l&rsquo;homme et du monde. Article &nbsp;&nbsp;2 &#8211; L&rsquo;\u00e9quilibre \u00e9nerg\u00e9tique est une cl\u00e9 essentielle du bien-\u00eatre. Article &nbsp;&nbsp;3 &#8211; La pratique de la Bio-\u00e9nerg\u00e9tique a pour objet de r\u00e9tablir l&rsquo;\u00e9quilibre \u00e9nerg\u00e9tique. Article &nbsp;&nbsp;4 &#8211; Le praticien en Bio-\u00e9nerg\u00e9tique s&rsquo;engage \u00e0 exercer son activit\u00e9 avec humanit\u00e9, probit\u00e9 [&hellip;]<\/p>\n","protected":false},"author":1,"featured_media":0,"parent":0,"menu_order":0,"comment_status":"closed","ping_status":"closed","template":"","meta":{"footnotes":""},"class_list":["post-598","page","type-page","status-publish","hentry"],"_links":{"self":[{"href":"https:\/\/mains-holistiques.com\/index.php\/wp-json\/wp\/v2\/pages\/598","targetHints":{"allow":["GET"]}}],"collection":[{"href":"https:\/\/mains-holistiques.com\/index.php\/wp-json\/wp\/v2\/pages"}],"about":[{"href":"https:\/\/mains-holistiques.com\/index.php\/wp-json\/wp\/v2\/types\/page"}],"author":[{"embeddable":true,"href":"https:\/\/mains-holistiques.com\/index.php\/wp-json\/wp\/v2\/users\/1"}],"replies":[{"embeddable":true,"href":"https:\/\/mains-holistiques.com\/index.php\/wp-json\/wp\/v2\/comments?post=598"}],"version-history":[{"count":6,"href":"https:\/\/mains-holistiques.com\/index.php\/wp-json\/wp\/v2\/pages\/598\/revisions"}],"predecessor-version":[{"id":830,"href":"https:\/\/mains-holistiques.com\/index.php\/wp-json\/wp\/v2\/pages\/598\/revisions\/830"}],"wp:attachment":[{"href":"https:\/\/mains-holistiques.com\/index.php\/wp-json\/wp\/v2\/media?parent=598"}],"curies":[{"name":"wp","href":"https:\/\/api.w.org\/{rel}","templated":true}]}}