{"id":610,"date":"2019-06-19T18:25:14","date_gmt":"2019-06-19T16:25:14","guid":{"rendered":"http:\/\/mains-holistiques.com\/?page_id=610"},"modified":"2019-06-22T20:07:42","modified_gmt":"2019-06-22T18:07:42","slug":"les-bienfaits-de-la-bio-energie","status":"publish","type":"page","link":"https:\/\/mains-holistiques.com\/index.php\/les-bienfaits-de-la-bio-energie\/","title":{"rendered":"Les bienfaits de la Bio-\u00e9nergie"},"content":{"rendered":"\n<p><strong><em>La Bio-\u00e9nergie aide \u00e0 :<\/em><\/strong><\/p>\n\n\n\n<ul class=\"wp-block-list\"><li>R\u00e9tablir l\u2019\u00e9quilibre \u00e9nerg\u00e9tique global du corps et d\u2019en optimiser les\nressources aussi bien\nphysique, qu\u2019\u00e9motionnelle<\/li><li>Optimiser le fonctionnement des diff\u00e9rents syst\u00e8mes<\/li><li>\u00c9vacuer et g\u00e9rer le stress et l\u2019anxi\u00e9t\u00e9<\/li><li>Pr\u00e9venir, soulager, voire \u00e9liminer certains troubles fonctionnels<\/li><li>Renforcer l\u2019immunit\u00e9 et la r\u00e9sistance face aux agressions environnementales<\/li><li>Redynamiser et optimiser vos forces et votre vitalit\u00e9<\/li><li>Entretenir\nla sant\u00e9 et aider \u00e0 un processus de r\u00e9paration cellulaire<\/li><li>Am\u00e9liorer\nles performances physiques et intellectuelles<\/li><li>Am\u00e9liorer\nles capacit\u00e9s d\u2019auto gu\u00e9rison<\/li><li>Am\u00e9liorer le\nsommeil<\/li><li>Am\u00e9liorer\ndes troubles comme l\u2019asthme, les allergies, les maux de t\u00eate, les n\u00e9vralgies, les\ntroubles digestifs, les maladies auto-immunes etc\u2026..<\/li><\/ul>\n\n\n\n<div class=\"wp-block-image\"><figure class=\"aligncenter is-resized\"><img loading=\"lazy\" decoding=\"async\" src=\"http:\/\/mains-holistiques.com\/wp-content\/uploads\/2019\/06\/240_F_115450378_jVnFZv2IW4i6G1wpK1VBZNnOKy5jnSaN-1.jpg\" alt=\"\" class=\"wp-image-785\" width=\"242\" height=\"121\" srcset=\"https:\/\/mains-holistiques.com\/wp-content\/uploads\/2019\/06\/240_F_115450378_jVnFZv2IW4i6G1wpK1VBZNnOKy5jnSaN-1.jpg 480w, https:\/\/mains-holistiques.com\/wp-content\/uploads\/2019\/06\/240_F_115450378_jVnFZv2IW4i6G1wpK1VBZNnOKy5jnSaN-1-300x150.jpg 300w\" sizes=\"auto, (max-width: 242px) 100vw, 242px\" \/><\/figure><\/div>\n","protected":false},"excerpt":{"rendered":"<p>La Bio-\u00e9nergie aide \u00e0 : R\u00e9tablir l\u2019\u00e9quilibre \u00e9nerg\u00e9tique global du corps et d\u2019en optimiser les ressources aussi bien physique, qu\u2019\u00e9motionnelle Optimiser le fonctionnement des diff\u00e9rents syst\u00e8mes \u00c9vacuer et g\u00e9rer le stress et l\u2019anxi\u00e9t\u00e9 Pr\u00e9venir, soulager, voire \u00e9liminer certains troubles fonctionnels Renforcer l\u2019immunit\u00e9 et la r\u00e9sistance face aux agressions environnementales Redynamiser et optimiser vos forces et [&hellip;]<\/p>\n","protected":false},"author":1,"featured_media":0,"parent":0,"menu_order":0,"comment_status":"closed","ping_status":"closed","template":"","meta":{"footnotes":""},"class_list":["post-610","page","type-page","status-publish","hentry"],"_links":{"self":[{"href":"https:\/\/mains-holistiques.com\/index.php\/wp-json\/wp\/v2\/pages\/610","targetHints":{"allow":["GET"]}}],"collection":[{"href":"https:\/\/mains-holistiques.com\/index.php\/wp-json\/wp\/v2\/pages"}],"about":[{"href":"https:\/\/mains-holistiques.com\/index.php\/wp-json\/wp\/v2\/types\/page"}],"author":[{"embeddable":true,"href":"https:\/\/mains-holistiques.com\/index.php\/wp-json\/wp\/v2\/users\/1"}],"replies":[{"embeddable":true,"href":"https:\/\/mains-holistiques.com\/index.php\/wp-json\/wp\/v2\/comments?post=610"}],"version-history":[{"count":3,"href":"https:\/\/mains-holistiques.com\/index.php\/wp-json\/wp\/v2\/pages\/610\/revisions"}],"predecessor-version":[{"id":786,"href":"https:\/\/mains-holistiques.com\/index.php\/wp-json\/wp\/v2\/pages\/610\/revisions\/786"}],"wp:attachment":[{"href":"https:\/\/mains-holistiques.com\/index.php\/wp-json\/wp\/v2\/media?parent=610"}],"curies":[{"name":"wp","href":"https:\/\/api.w.org\/{rel}","templated":true}]}}