{"id":9,"date":"2019-05-22T18:23:09","date_gmt":"2019-05-22T16:23:09","guid":{"rendered":"http:\/\/mains-holistiques.com\/?page_id=9"},"modified":"2023-04-28T20:20:10","modified_gmt":"2023-04-28T18:20:10","slug":"bioenergie","status":"publish","type":"page","link":"https:\/\/mains-holistiques.com\/index.php\/bioenergie\/","title":{"rendered":"Bio-\u00e9nergie"},"content":{"rendered":"<div class=\"wp-block-image\">\n<figure class=\"aligncenter\"><img loading=\"lazy\" decoding=\"async\" width=\"300\" height=\"240\" src=\"http:\/\/mains-holistiques.com\/wp-content\/uploads\/2019\/06\/240_F_44438105_kTpJGVcawLNTTFbr6HinUijbmVF10AUb.jpg\" alt=\"\" class=\"wp-image-650\"\/><\/figure>\n<\/div>\n\n\n<p class=\"has-text-align-center\"><em><strong>Toute pathologie physique ou psychique est li\u00e9e<\/strong><\/em><strong> <\/strong><em><strong>\u00e0 un d\u00e9r\u00e8glement de nos champs \u00e9nerg\u00e9tiques.<\/strong><\/em><strong> <\/strong><\/p>\n\n\n\n<h3 class=\"wp-block-heading\"><strong>QU&rsquo;EST CE QUE LA BIO-\u00c9NERGIE <\/strong><\/h3>\n\n\n\n<p>La\nBio\u00e9nerg\u00e9tique, est une th\u00e9rapie naturelle \u00ab\u00a0holistique\u00a0\u00bb qui tient\ncompte de l&rsquo;individu dans sa globalit\u00e9 (<em>corps,\n\u00e2me et esprit<\/em>) bas\u00e9 sur la m\u00e9decine traditionnelle chinoise.<\/p>\n\n\n\n<p>Cette th\u00e9rapie est pr\u00e9ventive, curative et non invasive, elle permet de mesurer, corriger et d&rsquo;\u00e9quilibrer l&rsquo;\u00e9nergie vitale de l&rsquo;\u00eatre, par l&rsquo;harmonisation, le r\u00e9\u00e9quilibrage des champs et des circuits \u00e9nerg\u00e9tiques de l&rsquo;ensemble du corps, et lui permet de retrouver sa capacit\u00e9 d&rsquo;autogestion et d&rsquo;auto-gu\u00e9rison.<\/p>\n\n\n\n<p>La mesure et le r\u00e9tablissement des diff\u00e9rents champs et circuits \u00e9nerg\u00e9tiques se fait \u00e0 l&rsquo;aide d&rsquo;instruments scientifiques sp\u00e9cialis\u00e9s tels que l&rsquo;Antenne de Lecher et l&rsquo;\u00c9lectropuncteur.<\/p>\n\n\n\n<h3 class=\"wp-block-heading\"><strong>COMMENT AGIT LA BIO-\u00c9NERG<\/strong>IE<\/h3>\n\n\n\n<p class=\"has-text-align-center\" style=\"font-size:18px\"><strong>Chaque \u00eatre humain poss\u00e8de sa propre \u00e9nergie. <\/strong><\/p>\n\n\n\n<p>Notre\norganisme produit une \u00e9nergie qui se r\u00e9partit et qui circule dans tout le corps\nen passant par les centres d&rsquo;\u00e9nergie vitale que sont les chakras. Cette \u00e9nergie\nest \u00e9galement autour du corps, c&rsquo;est ce que l&rsquo;on appelle l&rsquo;Aura. <\/p>\n\n\n\n<p>Le\nsang circule dans les vaisseaux sanguins, l&rsquo;\u00e9nergie elle circule dans des\nvaisseaux \u00ab\u00a0invisibles\u00a0\u00bb appel\u00e9s M\u00e9ridiens (voie de circulation).<\/p>\n\n\n\n<p>L&rsquo;\u00e9nergie\nva dissoudre dans le corps les blocages responsables d&rsquo;un grand nombre de\nprobl\u00e8mes organiques et psychologiques, pr\u00e9sents ou anciens permettant ainsi de\npr\u00e9venir des maladies. <\/p>\n\n\n\n<p>Cet\n\u00e9quilibrage \u00e9nerg\u00e9tique aide \u00e0 \u00e9vacuer les \u00e9motions profondes, le stress&#8230;.<\/p>\n\n\n\n<p>Il\nredonne au corps sa propre autonomie, il apporte une sensation de calme et de\nbien-\u00eatre, une grande relaxation.<\/p>\n\n\n\n<h3 class=\"wp-block-heading\"><strong>SIGNAUX D&rsquo;ALERTE\nD&rsquo;UN D\u00c9CENTRAGE \u00c9NERG\u00c9TIQUE<\/strong><\/h3>\n\n\n\n<p class=\"has-text-align-center\"><strong>Si vous avez des troubles du sommeil, une\nirritabilit\u00e9, une grande fatigue quotidienne, une baisse de moral&#8230;.. de la\npeur, de la col\u00e8re, de la tristesse et tant d&rsquo;autres choses ce sont souvent le\nreflet de notre \u00e9motionnel.<\/strong><\/p>\n\n\n\n<p>Une libre\ncirculation \u00e9nerg\u00e9tique peut \u00eatre perturb\u00e9e tout simplement par une mauvaise\nalimentation, une perte d&#8217;emploi, un deuil, une difficult\u00e9 relationnelle ou\naffective, un choc&#8230;&#8230; Tout cela va troubler les fonctions du corps.<\/p>\n\n\n\n<p class=\"has-text-align-center has-medium-font-size\"><em><strong>Tout ce que l\u2019on vit au cours de notre existence s\u2019inscrit dans notre corps<\/strong><\/em><\/p>\n\n\n\n<p class=\"has-text-align-center has-medium-font-size\"><strong><em>Si rien n&rsquo;est fait, la maladie va s&rsquo;installer progressivement<\/em><\/strong><\/p>\n\n\n\n<p>D\u00e8s lors que l&rsquo;\u00e9quilibre \u00e9nerg\u00e9tique et l&rsquo;alimentation en \u00e9nergie des cellules et des organes <strong>est perturb\u00e9e,<\/strong> <strong>par l&rsquo;accumulation d&rsquo;agressions<\/strong> internes ou externes, d&rsquo;ordre physique ou psychique (tensions professionnelles, \u00e9motions, pens\u00e9es n\u00e9gatives, environnement, alimentation\u2026.),<strong> il va \u00e9mettre diff\u00e9rents signaux \u00ab\u00a0d&rsquo;alerte\u00a0\u00bb<\/strong> (douleurs diverses, inflammations, d\u00e9pression, stress, angoisse, trouble digestif et du sommeil&#8230;&#8230;) <strong>l&#8217;emp\u00eachant de fonctionner correctement et de s&rsquo;\u00e9quilibrer seul, par manque de rep\u00e8re, <\/strong>entrainant  des maladies qui se manifestent au fur et \u00e0 mesure et de plus en plus  fort pour se faire entendre, et nous informer que quelque chose ne va  pas. <\/p>\n\n\n\n<p class=\"has-text-align-center has-medium-font-size\"><strong>Le corps nous parle<\/strong><em>, il faut savoir l&rsquo;\u00e9couter<\/em><\/p>\n\n\n\n<p class=\"has-text-align-center has-luminous-vivid-orange-color has-text-color has-medium-font-size\"><em><strong>TOUT CE QUI NE S&rsquo;EXPRIME PAS S&rsquo;IMPRIME<\/strong><\/em><\/p>\n\n\n\n<h3 class=\"wp-block-heading\"><strong>LE &nbsp;MAT\u00c9RIEL<\/strong><\/h3>\n\n\n\n<h4 class=\"wp-block-heading\"><strong><em>L\u2019ANTENNE DE\nLECHER <\/em><\/strong><\/h4>\n\n\n\n<p>L\u2019origine de l\u2019antenne remonte \u00e0 1890, \u00e9poque o\u00f9 le\nphysicien Autrichien Ernst Lecher, d\u00e9couvrit le principe de la mesure\nvibratoire.<\/p>\n\n\n\n<p>Cette&nbsp;antenne&nbsp;manuelle de mesure est pr\u00e9cise, elle r\u00e9v\u00e8le\nles d\u00e9sordres&nbsp;vibratoires \u00e9nerg\u00e9tiques, organiques, m\u00e9caniques ou \u00e9motionnels\nde tous les \u00e9tages du corps.<\/p>\n\n\n\n<p><strong><em>Elle permet\n:<\/em><\/strong><\/p>\n\n\n\n<p>De mesurer les champs \u00e9nerg\u00e9tiques du corps pour voir s\u2019il y a d\u00e9centrage ou non de ces champs.  <\/p>\n\n\n\n<p>De trouver les\n produits naturels compatibles (huiles essentielles,  compl\u00e9ments \nalimentaires, fleurs de Bach, min\u00e9raux\u2026.) qui sont <strong>des r\u00e9gulateurs<\/strong> \u00e9nerg\u00e9tiques qui aident \u00e0 : <\/p>\n\n\n\n<ul class=\"wp-block-list\">\n<li>Se d\u00e9barrasser des toxines et des d\u00e9chets<\/li>\n\n\n\n<li>Renforcer les fonctions immunitaires<\/li>\n\n\n\n<li>Combler une ou des carences <\/li>\n\n\n\n<li>Retrouver un \u00e9quilibre<\/li>\n<\/ul>\n\n\n\n<p>De d\u00e9tecter \nles \u00e9l\u00e9ments perturbateurs sur les m\u00e9ridiens, les points d\u2019acupuncture \net les \u00e9ventuels blocages au niveau des chakras nuisant \u00e0 l\u2019harmonie et \u00e0\n l\u2019\u00e9quilibre de l\u2019\u00eatre.  <\/p>\n\n\n\n<p>L\u2019antenne fonctionne avec <strong>un \u00e9metteur<\/strong> (la personne \u00e0 traiter) et <strong>un  r\u00e9cepteur<\/strong> (le praticien), celle-ci vibre et descend quand elle rencontre  la longueur d\u2019onde recherch\u00e9e comme un poste de radio.  <\/p>\n\n\n<div class=\"wp-block-image\">\n<figure class=\"aligncenter is-resized\"><img loading=\"lazy\" decoding=\"async\" src=\"http:\/\/mains-holistiques.com\/wp-content\/uploads\/2019\/06\/IMG_7166-1024x768.jpg\" alt=\"\" class=\"wp-image-520\" width=\"321\" height=\"241\" srcset=\"https:\/\/mains-holistiques.com\/wp-content\/uploads\/2019\/06\/IMG_7166-1024x768.jpg 1024w, https:\/\/mains-holistiques.com\/wp-content\/uploads\/2019\/06\/IMG_7166-300x225.jpg 300w, https:\/\/mains-holistiques.com\/wp-content\/uploads\/2019\/06\/IMG_7166-768x576.jpg 768w\" sizes=\"auto, (max-width: 321px) 100vw, 321px\" \/><\/figure>\n<\/div>\n\n\n<h4 class=\"wp-block-heading\"><strong><em>L\u2019\u00c9L\u00c9CTROPUNCTEUR<\/em><\/strong>    (<strong>Puncteur Pro<\/strong>)<\/h4>\n\n\n\n<p>Le mod\u00e8le original a \u00e9t\u00e9 mis au point par<em><strong>Jacques STAEHLE<\/strong><\/em>\n dans les ann\u00e9es 80 et r\u00e9actualis\u00e9 depuis pour b\u00e9n\u00e9ficier des derni\u00e8res \navanc\u00e9es technologiques. C\u2019est un appareil fabriqu\u00e9 en France.<\/p>\n\n\n\n<p><strong><em>Il permet<\/em><\/strong><strong><em> :<\/em><\/strong><\/p>\n\n\n\n<p>De d\u00e9tecter et de stimuler \ndes points d\u2019acupuncture. Il est pr\u00e9cis, efficace et permet d\u2019obtenir \nd\u2019aussi bons r\u00e9sultats qu\u2019avec des aiguilles, et ceci sans p\u00e9n\u00e9trer la \npeau, donc sans risque d\u2019infection. <\/p>\n\n\n\n<p class=\"has-text-align-center\"><strong>Par ailleurs seul un m\u00e9decin est autoris\u00e9 \u00e0 utiliser les\naiguilles<\/strong>. <\/p>\n\n\n\n<p>De plus l\u2019\u00e9lectropuncture\npermet \u00e9galement un traitement beaucoup plus rapide &nbsp;en traitant un plus grand nombre de points.<\/p>\n\n\n<div class=\"wp-block-image\">\n<figure class=\"aligncenter is-resized\"><img loading=\"lazy\" decoding=\"async\" src=\"http:\/\/mains-holistiques.com\/wp-content\/uploads\/2019\/06\/IMG_7165-1024x768.jpg\" alt=\"\" class=\"wp-image-521\" width=\"320\" height=\"241\" srcset=\"https:\/\/mains-holistiques.com\/wp-content\/uploads\/2019\/06\/IMG_7165-1024x768.jpg 1024w, https:\/\/mains-holistiques.com\/wp-content\/uploads\/2019\/06\/IMG_7165-300x225.jpg 300w, https:\/\/mains-holistiques.com\/wp-content\/uploads\/2019\/06\/IMG_7165-768x576.jpg 768w\" sizes=\"auto, (max-width: 320px) 100vw, 320px\" \/><\/figure>\n<\/div>\n\n\n<h2 class=\"wp-block-heading\">&nbsp;<\/h2>\n\n\n\n<h3 class=\"wp-block-heading\"><strong>D\u00c9ROULEMENT D\u2019UNE S\u00c9ANCE DE BIO-\u00c9NERGIE <\/strong><\/h3>\n\n\n\n<p>La s\u00e9ance commence apr\u00e8s avoir \u00e9cout\u00e9 et entendu \u00ab\u00a0<strong>les mots\u00a0\u00bb<\/strong> que vous poserez sur \u00ab\u00a0<strong>vos maux\u00a0\u00bb. <\/strong>Cela permettra de faire\nle point sur vos besoins. Lors de cette \u00e9change, il sera \u00e9galement aborder des\nsujets comme l&rsquo;alimentation, l&rsquo;hygi\u00e8ne de vie, l&rsquo;activit\u00e9 physique&#8230; <\/p>\n\n\n<div class=\"wp-block-image\">\n<figure class=\"aligncenter\"><img loading=\"lazy\" decoding=\"async\" width=\"360\" height=\"240\" src=\"http:\/\/mains-holistiques.com\/wp-content\/uploads\/2019\/06\/240_F_193603916_8DqmBL47Qm4AWcAjMmqPsuqJGx0L6zj4.jpg\" alt=\"\" class=\"wp-image-772\" srcset=\"https:\/\/mains-holistiques.com\/wp-content\/uploads\/2019\/06\/240_F_193603916_8DqmBL47Qm4AWcAjMmqPsuqJGx0L6zj4.jpg 360w, https:\/\/mains-holistiques.com\/wp-content\/uploads\/2019\/06\/240_F_193603916_8DqmBL47Qm4AWcAjMmqPsuqJGx0L6zj4-300x200.jpg 300w\" sizes=\"auto, (max-width: 360px) 100vw, 360px\" \/><\/figure>\n<\/div>\n\n\n<p class=\"has-text-align-center has-luminous-vivid-orange-color has-text-color\" style=\"font-size:18px\"><em><strong>\u00ab\u00a0Que ton aliment soit ton m\u00e9dicament\u00a0\u00bb <\/strong><\/em><strong>   Hippocrate<\/strong><\/p>\n\n\n\n<p>Ensuite\n<strong>un bilan \u00e9nerg\u00e9tique<\/strong> sera \u00e9tabli suivi\nd&rsquo;un soin.<\/p>\n\n\n\n<p>Pour\n<strong>le bilan<\/strong> vous serez assis, tout en\nrestant habill\u00e9 et \u00e0 l&rsquo;aide de <strong>l&rsquo;Antenne\nde Lecher,<\/strong> il sera &nbsp;<strong>mesurer et analyser <\/strong>:<\/p>\n\n\n\n<ul class=\"wp-block-list\">\n<li>Les \u00e9ventuels d\u00e9s\u00e9quilibres des <strong>champs \u00e9nerg\u00e9tiques<\/strong> (thermique, magn\u00e9tique, \u00e9lectrique). <\/li>\n\n\n\n<li> Les \u00e9ventuels blocages au niveau <strong>des chakras.<\/strong><\/li>\n\n\n\n<li> La qualit\u00e9 vibratoire d&rsquo;une s\u00e9lection de <strong>produits naturels<\/strong> (Huiles Essentielles, Compl\u00e9ments Alimentaires,&#8230;.) qui sont des <strong>r\u00e9gulateurs<\/strong> permettant de se <strong>d\u00e9barrasser des toxines, des d\u00e9chets <\/strong>et qui vont <strong>aider \u00e0 renforcer les fonctions immunitaires.<\/strong>  <\/li>\n\n\n\n<li> Les \u00e9l\u00e9ments perturbateurs sur <strong>les m\u00e9ridiens<\/strong> et <strong>les points d&rsquo;acupuncture.<\/strong>  <\/li>\n<\/ul>\n\n\n\n<p>Pour <strong>le soin<\/strong>,\nvous serez allong\u00e9 confortablement sur une table de massage en sous-v\u00eatement et\n\u00e0 l&rsquo;aide de l&rsquo;<strong>\u00c9l\u00e9tropuncteur<\/strong>, les\npoints d&rsquo;acupuncture<strong> seront stimul\u00e9s<\/strong>.\nCela agira sur la circulation \u00e9nerg\u00e9tique afin de r\u00e9tablir la circulation\nperturb\u00e9e dans les m\u00e9ridiens.<\/p>\n\n\n\n<p>Si\nl&rsquo;\u00e9nergie est <strong>insuffisante<\/strong>, elle\nsera <strong>tonifi\u00e9e<\/strong>, si elle est <strong>en exc\u00e8s ou bloqu\u00e9e<\/strong>, elle sera <strong>dispers\u00e9e<\/strong>.<\/p>\n\n\n\n<p><strong>L&rsquo;harmonisation\net le r\u00e9tablissement de<\/strong> la\ncirculation de l&rsquo;\u00e9nergie passera \u00e9galement par <strong>le traitement des causes profondes<\/strong> \u00e0 l&rsquo;aide des <strong>r\u00e9gulateurs <\/strong>d\u00e9tect\u00e9s lors du bilan dont\nvotre corps pourrait avoir besoin.<\/p>\n\n\n\n<p>En fin de\ns\u00e9ance on v\u00e9rifie de nouveau la sym\u00e9trie des champs avec L&rsquo;Antenne de L\u00e9cher.<\/p>\n\n\n<div class=\"wp-block-image\">\n<figure class=\"aligncenter is-resized\"><img loading=\"lazy\" decoding=\"async\" src=\"http:\/\/mains-holistiques.com\/wp-content\/uploads\/2019\/06\/240_F_66082340_iTrLbmIWknjueQ9PqzSfEL6FqE0ty97W.jpg\" alt=\"\" class=\"wp-image-768\" width=\"256\" height=\"301\"\/><\/figure>\n<\/div>\n\n\n<p class=\"has-text-align-center\" style=\"font-size:19px\"><strong>La s\u00e9ance a\npour objectif de permettre au corps de reprendre le contr\u00f4le.<\/strong><\/p>\n\n\n\n<h3 class=\"wp-block-heading\">&nbsp;<\/h3>\n\n\n\n<h3 class=\"wp-block-heading\"><strong>LES BIENFAITS DE LA BIO-<\/strong><strong>\u00c9NERGIE<\/strong><\/h3>\n\n\n\n<p><strong><em>La Bio-\u00e9nergie aide \u00e0 :<\/em><\/strong><\/p>\n\n\n\n<ul class=\"wp-block-list\">\n<li>R\u00e9tablir l&rsquo;\u00e9quilibre \u00e9nerg\u00e9tique global du corps et d&rsquo;en optimiser les\nressources aussi bien\nphysique, qu&rsquo;\u00e9motionnelle<\/li>\n\n\n\n<li>Optimiser le fonctionnement des diff\u00e9rents syst\u00e8mes<\/li>\n\n\n\n<li>\u00c9vacuer et g\u00e9rer le stress et l&rsquo;anxi\u00e9t\u00e9<\/li>\n\n\n\n<li>Pr\u00e9venir, soulager, voire \u00e9liminer certains troubles fonctionnels<\/li>\n\n\n\n<li>Renforcer l&rsquo;immunit\u00e9 et la r\u00e9sistance face aux agressions environnementales<\/li>\n\n\n\n<li>Redynamiser et optimiser vos forces et votre vitalit\u00e9<\/li>\n\n\n\n<li>Entretenir\nla sant\u00e9 et aider \u00e0 un processus de r\u00e9paration cellulaire<\/li>\n\n\n\n<li>Am\u00e9liorer\nles performances physiques et intellectuelles<\/li>\n\n\n\n<li>Am\u00e9liorer\nles capacit\u00e9s d&rsquo;auto gu\u00e9rison<\/li>\n\n\n\n<li>Am\u00e9liorer le\nsommeil<\/li>\n\n\n\n<li>Am\u00e9liorer\ndes troubles comme l&rsquo;asthme, les allergies, les maux de t\u00eate, les n\u00e9vralgies, les\ntroubles digestifs, les maladies auto-immunes etc&#8230;..<\/li>\n<\/ul>\n\n\n<div class=\"wp-block-image\">\n<figure class=\"aligncenter is-resized\"><img loading=\"lazy\" decoding=\"async\" src=\"http:\/\/mains-holistiques.com\/wp-content\/uploads\/2019\/06\/240_F_115450378_jVnFZv2IW4i6G1wpK1VBZNnOKy5jnSaN-1.jpg\" alt=\"\" class=\"wp-image-785\" width=\"262\" height=\"131\" srcset=\"https:\/\/mains-holistiques.com\/wp-content\/uploads\/2019\/06\/240_F_115450378_jVnFZv2IW4i6G1wpK1VBZNnOKy5jnSaN-1.jpg 480w, https:\/\/mains-holistiques.com\/wp-content\/uploads\/2019\/06\/240_F_115450378_jVnFZv2IW4i6G1wpK1VBZNnOKy5jnSaN-1-300x150.jpg 300w\" sizes=\"auto, (max-width: 262px) 100vw, 262px\" \/><\/figure>\n<\/div>\n\n\n<h3 class=\"wp-block-heading\"><strong>CONTRE-INDICATIONS \u00c1 LA BIO-<\/strong><strong>\u00c9NERGIE<\/strong><strong><\/strong><\/h3>\n\n\n\n<p>Tout le monde peut recevoir un soin Bio-\u00e9nerg\u00e9tique, du b\u00e9b\u00e9 \u00e0\nla personne \u00e2g\u00e9e, en passant par la femme enceinte, ou le sportif pour\noptimiser ses performances ou son endurance&#8230;. <\/p>\n\n\n\n<p>Seule\ncontre-indication \u00e0 ce soin : la pr\u00e9sence d&rsquo;un pacemaker.<\/p>\n\n\n\n<h3 class=\"wp-block-heading\"><strong>FR\u00c9QUENCE DES S\u00c9ANCES DE BIO-\u00c9NERGIE <\/strong><\/h3>\n\n\n\n<p>En M\u00e9decine Traditionnelle Chinoise, il y a cinq saisons et \u00e0 chaque nouvelle saison, il sera trait\u00e9 des points diff\u00e9rents, il est donc pr\u00e9f\u00e9rable de faire au moins une s\u00e9ance par saison.<\/p>\n\n\n<div class=\"wp-block-image\">\n<figure class=\"aligncenter\"><img loading=\"lazy\" decoding=\"async\" width=\"240\" height=\"240\" src=\"http:\/\/mains-holistiques.com\/wp-content\/uploads\/2019\/06\/240_F_232970271_9Y2aG9Or6Ix8sBwEYrbbjrNkjUFARaVQ.jpg\" alt=\"\" class=\"wp-image-827\" srcset=\"https:\/\/mains-holistiques.com\/wp-content\/uploads\/2019\/06\/240_F_232970271_9Y2aG9Or6Ix8sBwEYrbbjrNkjUFARaVQ.jpg 240w, https:\/\/mains-holistiques.com\/wp-content\/uploads\/2019\/06\/240_F_232970271_9Y2aG9Or6Ix8sBwEYrbbjrNkjUFARaVQ-150x150.jpg 150w\" sizes=\"auto, (max-width: 240px) 100vw, 240px\" \/><\/figure>\n<\/div>\n\n\n<p>Le\nrythme et le nombre des s\u00e9ances sera en fonction de vos besoins et de vos\nsouhaits.<\/p>\n\n\n\n<h3 class=\"wp-block-heading\"><strong>CHARTE DES PRATICIENS<\/strong> <strong>EN BIO-\u00c9NERG\u00c9TIQUE<\/strong><\/h3>\n\n\n\n<p><strong>Article &nbsp;&nbsp;1<\/strong> &#8211; La Bio-\u00e9nerg\u00e9tique implique la\nconception holistique de l&rsquo;homme et du monde.<\/p>\n\n\n\n<p><strong>Article &nbsp;&nbsp;2<\/strong> &#8211; L&rsquo;\u00e9quilibre \u00e9nerg\u00e9tique est une\ncl\u00e9 essentielle du bien-\u00eatre.<\/p>\n\n\n\n<p><strong>Article &nbsp;&nbsp;3<\/strong> &#8211; La pratique de la Bio-\u00e9nerg\u00e9tique\na pour objet de r\u00e9tablir l&rsquo;\u00e9quilibre \u00e9nerg\u00e9tique.<\/p>\n\n\n\n<p class=\"has-text-align-left\"><strong>Article &nbsp;&nbsp;4<\/strong> &#8211; Le praticien en Bio-\u00e9nerg\u00e9tique s&rsquo;engage \u00e0 exercer son activit\u00e9 avec humanit\u00e9, probit\u00e9 et loyaut\u00e9.<\/p>\n\n\n\n<p><strong>Article &nbsp;&nbsp;5<\/strong> &#8211; Le praticien en Bio-\u00e9nerg\u00e9tique s&rsquo;engage \u00e0 toujours observer le  principe fondamental du respect de la personne humaine.<br> <br> <strong>Article &nbsp;&nbsp;6<\/strong> &#8211; Le praticien en Bio-\u00e9nerg\u00e9tique s&rsquo;interdit toute publicit\u00e9 mensong\u00e8re sur son activit\u00e9.<\/p>\n\n\n\n<p><strong>Article &nbsp;&nbsp;7<\/strong> &#8211; Le praticien en Bio-\u00e9nerg\u00e9tique doit \u00eatre en \u00e9tat de disponibilit\u00e9 pour apporter \u00e0 l&rsquo;autre l&rsquo;aide qu&rsquo;il sollicite.<\/p>\n\n\n\n<p><strong>Article &nbsp;&nbsp;8<\/strong> &#8211; Le praticien en Bio-\u00e9nerg\u00e9tique se tient r\u00e9guli\u00e8rement inform\u00e9 de l&rsquo;\u00e9volution des disciplines qu&rsquo;il pratique en parfaisant, le cas \u00e9ch\u00e9ant sa formation.<br> <strong><br> Article &nbsp;&nbsp;9<\/strong> &#8211; Le praticien en Bio-\u00e9nerg\u00e9tique s&rsquo;engage a n&rsquo;utiliser, dans sa                                                                                                                                    pratique, que les moyens naturels de la Bio-\u00e9nerg\u00e9tique.<\/p>\n\n\n\n<p><strong>Article 10<\/strong> &#8211; Le praticien en Bio-\u00e9nerg\u00e9tique s&rsquo;engage au respect de la loi qui d\u00e9finit son statut.<\/p>\n\n\n<div class=\"wp-block-image\">\n<figure class=\"aligncenter is-resized\"><img loading=\"lazy\" decoding=\"async\" src=\"http:\/\/mains-holistiques.com\/wp-content\/uploads\/2019\/06\/240_F_223421263_7yPqweaxqJYS28l0yVDchV5Jn2VNJdRG.jpg\" alt=\"\" class=\"wp-image-776\" width=\"137\" height=\"91\" srcset=\"https:\/\/mains-holistiques.com\/wp-content\/uploads\/2019\/06\/240_F_223421263_7yPqweaxqJYS28l0yVDchV5Jn2VNJdRG.jpg 360w, https:\/\/mains-holistiques.com\/wp-content\/uploads\/2019\/06\/240_F_223421263_7yPqweaxqJYS28l0yVDchV5Jn2VNJdRG-300x200.jpg 300w\" sizes=\"auto, (max-width: 137px) 100vw, 137px\" \/><\/figure>\n<\/div>\n\n\n<h3 class=\"wp-block-heading\"><strong>PRIX D\u2019UNE S\u00c9ANCE DE BIO-\u00c9NERGIE <\/strong><\/h3>\n\n\n\n<p>S\u00e9ance d&rsquo;une dur\u00e9e d&rsquo;environ 2h : 90\u20ac<\/p>\n\n\n\n<p class=\"has-text-align-center has-luminous-vivid-orange-color has-text-color\" style=\"font-size:19px\"><strong>La Bio-\u00e9nergie comme toute pratique \u00e9nerg\u00e9tique, ne dispense  pas ni de consulter un m\u00e9decin, ni de continuer un traitement en cours.<\/strong><\/p>\n","protected":false},"excerpt":{"rendered":"<p>Toute pathologie physique ou psychique est li\u00e9e \u00e0 un d\u00e9r\u00e8glement de nos champs \u00e9nerg\u00e9tiques. QU&rsquo;EST CE QUE LA BIO-\u00c9NERGIE La Bio\u00e9nerg\u00e9tique, est une th\u00e9rapie naturelle \u00ab\u00a0holistique\u00a0\u00bb qui tient compte de l&rsquo;individu dans sa globalit\u00e9 (corps, \u00e2me et esprit) bas\u00e9 sur la m\u00e9decine traditionnelle chinoise. Cette th\u00e9rapie est pr\u00e9ventive, curative et non invasive, elle permet de [&hellip;]<\/p>\n","protected":false},"author":1,"featured_media":0,"parent":0,"menu_order":0,"comment_status":"closed","ping_status":"closed","template":"","meta":{"footnotes":""},"class_list":["post-9","page","type-page","status-publish","hentry"],"_links":{"self":[{"href":"https:\/\/mains-holistiques.com\/index.php\/wp-json\/wp\/v2\/pages\/9","targetHints":{"allow":["GET"]}}],"collection":[{"href":"https:\/\/mains-holistiques.com\/index.php\/wp-json\/wp\/v2\/pages"}],"about":[{"href":"https:\/\/mains-holistiques.com\/index.php\/wp-json\/wp\/v2\/types\/page"}],"author":[{"embeddable":true,"href":"https:\/\/mains-holistiques.com\/index.php\/wp-json\/wp\/v2\/users\/1"}],"replies":[{"embeddable":true,"href":"https:\/\/mains-holistiques.com\/index.php\/wp-json\/wp\/v2\/comments?post=9"}],"version-history":[{"count":69,"href":"https:\/\/mains-holistiques.com\/index.php\/wp-json\/wp\/v2\/pages\/9\/revisions"}],"predecessor-version":[{"id":1573,"href":"https:\/\/mains-holistiques.com\/index.php\/wp-json\/wp\/v2\/pages\/9\/revisions\/1573"}],"wp:attachment":[{"href":"https:\/\/mains-holistiques.com\/index.php\/wp-json\/wp\/v2\/media?parent=9"}],"curies":[{"name":"wp","href":"https:\/\/api.w.org\/{rel}","templated":true}]}}